{"id":10252,"date":"2025-06-11T14:52:53","date_gmt":"2025-06-11T14:52:53","guid":{"rendered":"https:\/\/kitelodgebrasil.com\/termos-ano-novo\/"},"modified":"2025-08-25T15:11:57","modified_gmt":"2025-08-25T15:11:57","slug":"termos-ano-novo","status":"publish","type":"page","link":"https:\/\/kitelodgebrasil.com\/pt-br\/termos-ano-novo\/","title":{"rendered":"Termos Ano Novo"},"content":{"rendered":"\t\t<div data-elementor-type=\"wp-page\" data-elementor-id=\"10252\" class=\"elementor elementor-10252 elementor-10242\" data-elementor-post-type=\"page\">\n\t\t\t\t<div class=\"elementor-element elementor-element-93fb201 e-flex e-con-boxed e-con e-parent\" data-id=\"93fb201\" data-element_type=\"container\">\n\t\t\t\t\t<div class=\"e-con-inner\">\n\t\t<div class=\"elementor-element elementor-element-81a2818 e-con-full e-flex e-con e-child\" data-id=\"81a2818\" data-element_type=\"container\">\n\t\t\t\t<div class=\"elementor-element elementor-element-de68900 btn default elementor-widget elementor-widget-button\" data-id=\"de68900\" data-element_type=\"widget\" data-widget_type=\"button.default\">\n\t\t\t\t<div class=\"elementor-widget-container\">\n\t\t\t\t\t\t\t\t\t<div class=\"elementor-button-wrapper\">\n\t\t\t\t\t<a class=\"elementor-button elementor-button-link elementor-size-sm\" href=\"https:\/\/kitelodgebrasil.com\/pt-br\/\">\n\t\t\t\t\t\t<span class=\"elementor-button-content-wrapper\">\n\t\t\t\t\t\t\t\t\t<span class=\"elementor-button-text\">Voltar<\/span>\n\t\t\t\t\t<\/span>\n\t\t\t\t\t<\/a>\n\t\t\t\t<\/div>\n\t\t\t\t\t\t\t\t<\/div>\n\t\t\t\t<\/div>\n\t\t\t\t<div class=\"elementor-element elementor-element-4ebf0d5 elementor-widget elementor-widget-text-editor\" data-id=\"4ebf0d5\" data-element_type=\"widget\" data-widget_type=\"text-editor.default\">\n\t\t\t\t<div class=\"elementor-widget-container\">\n\t\t\t\t\t\t\t\t\t<h2>Informa\u00e7\u00f5es sobre cancelamento e pagamento (reservas para o Ano Novo)<\/h2><p>Para reservas que incluam 31 de dezembro, aplicam-se as seguintes condi\u00e7\u00f5es.<\/p><p><strong>Tarifa padr\u00e3o:<\/strong><br>A reserva pode ser cancelada ou modificada gratuitamente at\u00e9 90 dias antes da data de chegada. Se cancelado ou modificado ap\u00f3s esse per\u00edodo de cancelamento gratuito, o valor total ser\u00e1 cobrado. 50% do valor total da reserva ser\u00e1 cobrado no momento da reserva. O valor restante ser\u00e1 cobrado ap\u00f3s o t\u00e9rmino do per\u00edodo de cancelamento gratuito.<\/p><p><strong>Reserva de grupo (a partir de 4 quartos):<\/strong><br>As reservas com 4 quartos ou mais s\u00e3o consideradas reservas de grupo. 50% do valor total ser\u00e1 cobrado no momento da reserva. O valor restante ser\u00e1 cobrado 120 dias antes da data de chegada.<br>Se a reserva for cancelada ou modificada at\u00e9 120 dias antes da chegada, a taxa de cancelamento ser\u00e1 de 25%. 25% do valor total da reserva ser\u00e1 reembolsado. Se voc\u00ea cancelar ou modificar a reserva at\u00e9 90 dias antes da data de chegada, a taxa de cancelamento ser\u00e1 de 50% do valor total da reserva. Se voc\u00ea for cancelado ou modificado ap\u00f3s 90 dias antes da data de chegada, ser\u00e1 cobrado o valor total.    <\/p><p>Se os pagamentos n\u00e3o forem feitos em um per\u00edodo de 48 horas, a reserva ser\u00e1 considerada como n\u00e3o garantida. As pol\u00edticas de cancelamento explicitamente declaradas para uma reserva substituem as pol\u00edticas de cancelamento aqui descritas.<\/p><p><\/p><p>Formas de pagamento: Voc\u00ea encontrar\u00e1 todas as op\u00e7\u00f5es e detalhes de pagamento <a href=\"https:\/\/kitelodgebrasil.com\/pt-br\/informacoes-de-pagamento\/\">aqui<\/a><\/p><p><a href=\"https:\/\/kitelodgebrasil.com\/pt-br\/termos\/\">Leia os Termos e Condi\u00e7\u00f5es completos<\/a><\/p><p> <\/p>\t\t\t\t\t\t\t\t<\/div>\n\t\t\t\t<\/div>\n\t\t\t\t<\/div>\n\t\t\t\t\t<\/div>\n\t\t\t\t<\/div>\n\t\t\t\t<\/div>\n\t\t","protected":false},"excerpt":{"rendered":"<p>Voltar Informa\u00e7\u00f5es sobre cancelamento e pagamento (reservas para o Ano Novo) Para reservas que incluam 31 de dezembro, aplicam-se as seguintes condi\u00e7\u00f5es. Tarifa padr\u00e3o:A reserva pode ser cancelada ou modificada gratuitamente at\u00e9 90 dias antes da data de chegada. Se cancelado ou modificado ap\u00f3s esse per\u00edodo de cancelamento gratuito, o valor total ser\u00e1 cobrado. 50% [&hellip;]<\/p>\n","protected":false},"author":1,"featured_media":0,"parent":0,"menu_order":0,"comment_status":"closed","ping_status":"closed","template":"elementor_theme","meta":{"_acf_changed":false,"footnotes":""},"class_list":["post-10252","page","type-page","status-publish","hentry"],"acf":[],"yoast_head":"<!-- This site is optimized with the Yoast SEO plugin v20.5 - https:\/\/yoast.com\/wordpress\/plugins\/seo\/ -->\n<title>Termos Ano Novo &bull; Kite Lodge Brazil<\/title>\n<meta name=\"robots\" content=\"index, follow, max-snippet:-1, max-image-preview:large, max-video-preview:-1\" \/>\n<link rel=\"canonical\" href=\"https:\/\/kitelodgebrasil.com\/pt-br\/termos-ano-novo\/\" \/>\n<meta property=\"og:locale\" content=\"pt_BR\" \/>\n<meta property=\"og:type\" content=\"article\" \/>\n<meta property=\"og:title\" content=\"Termos Ano Novo &bull; Kite Lodge Brazil\" \/>\n<meta property=\"og:description\" content=\"Voltar Informa\u00e7\u00f5es sobre cancelamento e pagamento (reservas para o Ano Novo) Para reservas que incluam 31 de dezembro, aplicam-se as seguintes condi\u00e7\u00f5es. Tarifa padr\u00e3o:A reserva pode ser cancelada ou modificada gratuitamente at\u00e9 90 dias antes da data de chegada. Se cancelado ou modificado ap\u00f3s esse per\u00edodo de cancelamento gratuito, o valor total ser\u00e1 cobrado. 50% [&hellip;]\" \/>\n<meta property=\"og:url\" content=\"https:\/\/kitelodgebrasil.com\/pt-br\/termos-ano-novo\/\" \/>\n<meta property=\"og:site_name\" content=\"Kite Lodge Brazil\" \/>\n<meta property=\"article:modified_time\" content=\"2025-08-25T15:11:57+00:00\" \/>\n<meta name=\"twitter:card\" content=\"summary_large_image\" \/>\n<meta name=\"twitter:label1\" content=\"Est. tempo de leitura\" \/>\n\t<meta name=\"twitter:data1\" content=\"1 minuto\" \/>\n<script type=\"application\/ld+json\" class=\"yoast-schema-graph\">{\"@context\":\"https:\/\/schema.org\",\"@graph\":[{\"@type\":\"WebPage\",\"@id\":\"https:\/\/kitelodgebrasil.com\/pt-br\/termos-ano-novo\/\",\"url\":\"https:\/\/kitelodgebrasil.com\/pt-br\/termos-ano-novo\/\",\"name\":\"Termos Ano Novo &bull; Kite Lodge Brazil\",\"isPartOf\":{\"@id\":\"https:\/\/kitelodgebrasil.com\/#website\"},\"datePublished\":\"2025-06-11T14:52:53+00:00\",\"dateModified\":\"2025-08-25T15:11:57+00:00\",\"breadcrumb\":{\"@id\":\"https:\/\/kitelodgebrasil.com\/pt-br\/termos-ano-novo\/#breadcrumb\"},\"inLanguage\":\"pt-BR\",\"potentialAction\":[{\"@type\":\"ReadAction\",\"target\":[\"https:\/\/kitelodgebrasil.com\/pt-br\/termos-ano-novo\/\"]}]},{\"@type\":\"BreadcrumbList\",\"@id\":\"https:\/\/kitelodgebrasil.com\/pt-br\/termos-ano-novo\/#breadcrumb\",\"itemListElement\":[{\"@type\":\"ListItem\",\"position\":1,\"name\":\"Home\",\"item\":\"https:\/\/kitelodgebrasil.com\/\"},{\"@type\":\"ListItem\",\"position\":2,\"name\":\"Termos Ano Novo\"}]},{\"@type\":\"WebSite\",\"@id\":\"https:\/\/kitelodgebrasil.com\/#website\",\"url\":\"https:\/\/kitelodgebrasil.com\/\",\"name\":\"Kite Lodge Brazil\",\"description\":\"Kite Lodge Brazil\",\"publisher\":{\"@id\":\"https:\/\/kitelodgebrasil.com\/#organization\"},\"potentialAction\":[{\"@type\":\"SearchAction\",\"target\":{\"@type\":\"EntryPoint\",\"urlTemplate\":\"https:\/\/kitelodgebrasil.com\/?s={search_term_string}\"},\"query-input\":\"required name=search_term_string\"}],\"inLanguage\":\"pt-BR\"},{\"@type\":\"Organization\",\"@id\":\"https:\/\/kitelodgebrasil.com\/#organization\",\"name\":\"Kite Lodge Brazil\",\"url\":\"https:\/\/kitelodgebrasil.com\/\",\"logo\":{\"@type\":\"ImageObject\",\"inLanguage\":\"pt-BR\",\"@id\":\"https:\/\/kitelodgebrasil.com\/#\/schema\/logo\/image\/\",\"url\":\"https:\/\/kitelodgebrasil.com\/wp-content\/uploads\/2019\/04\/cropped-Kitelodge-Logo-Color-RGB-500px@72ppi.jpg\",\"contentUrl\":\"https:\/\/kitelodgebrasil.com\/wp-content\/uploads\/2019\/04\/cropped-Kitelodge-Logo-Color-RGB-500px@72ppi.jpg\",\"width\":500,\"height\":209,\"caption\":\"Kite Lodge Brazil\"},\"image\":{\"@id\":\"https:\/\/kitelodgebrasil.com\/#\/schema\/logo\/image\/\"}}]}<\/script>\n<!-- \/ Yoast SEO plugin. -->","yoast_head_json":{"title":"Termos Ano Novo &bull; Kite Lodge Brazil","robots":{"index":"index","follow":"follow","max-snippet":"max-snippet:-1","max-image-preview":"max-image-preview:large","max-video-preview":"max-video-preview:-1"},"canonical":"https:\/\/kitelodgebrasil.com\/pt-br\/termos-ano-novo\/","og_locale":"pt_BR","og_type":"article","og_title":"Termos Ano Novo &bull; Kite Lodge Brazil","og_description":"Voltar Informa\u00e7\u00f5es sobre cancelamento e pagamento (reservas para o Ano Novo) Para reservas que incluam 31 de dezembro, aplicam-se as seguintes condi\u00e7\u00f5es. Tarifa padr\u00e3o:A reserva pode ser cancelada ou modificada gratuitamente at\u00e9 90 dias antes da data de chegada. Se cancelado ou modificado ap\u00f3s esse per\u00edodo de cancelamento gratuito, o valor total ser\u00e1 cobrado. 50% [&hellip;]","og_url":"https:\/\/kitelodgebrasil.com\/pt-br\/termos-ano-novo\/","og_site_name":"Kite Lodge Brazil","article_modified_time":"2025-08-25T15:11:57+00:00","twitter_card":"summary_large_image","twitter_misc":{"Est. tempo de leitura":"1 minuto"},"schema":{"@context":"https:\/\/schema.org","@graph":[{"@type":"WebPage","@id":"https:\/\/kitelodgebrasil.com\/pt-br\/termos-ano-novo\/","url":"https:\/\/kitelodgebrasil.com\/pt-br\/termos-ano-novo\/","name":"Termos Ano Novo &bull; Kite Lodge Brazil","isPartOf":{"@id":"https:\/\/kitelodgebrasil.com\/#website"},"datePublished":"2025-06-11T14:52:53+00:00","dateModified":"2025-08-25T15:11:57+00:00","breadcrumb":{"@id":"https:\/\/kitelodgebrasil.com\/pt-br\/termos-ano-novo\/#breadcrumb"},"inLanguage":"pt-BR","potentialAction":[{"@type":"ReadAction","target":["https:\/\/kitelodgebrasil.com\/pt-br\/termos-ano-novo\/"]}]},{"@type":"BreadcrumbList","@id":"https:\/\/kitelodgebrasil.com\/pt-br\/termos-ano-novo\/#breadcrumb","itemListElement":[{"@type":"ListItem","position":1,"name":"Home","item":"https:\/\/kitelodgebrasil.com\/"},{"@type":"ListItem","position":2,"name":"Termos Ano Novo"}]},{"@type":"WebSite","@id":"https:\/\/kitelodgebrasil.com\/#website","url":"https:\/\/kitelodgebrasil.com\/","name":"Kite Lodge Brazil","description":"Kite Lodge Brazil","publisher":{"@id":"https:\/\/kitelodgebrasil.com\/#organization"},"potentialAction":[{"@type":"SearchAction","target":{"@type":"EntryPoint","urlTemplate":"https:\/\/kitelodgebrasil.com\/?s={search_term_string}"},"query-input":"required name=search_term_string"}],"inLanguage":"pt-BR"},{"@type":"Organization","@id":"https:\/\/kitelodgebrasil.com\/#organization","name":"Kite Lodge Brazil","url":"https:\/\/kitelodgebrasil.com\/","logo":{"@type":"ImageObject","inLanguage":"pt-BR","@id":"https:\/\/kitelodgebrasil.com\/#\/schema\/logo\/image\/","url":"https:\/\/kitelodgebrasil.com\/wp-content\/uploads\/2019\/04\/cropped-Kitelodge-Logo-Color-RGB-500px@72ppi.jpg","contentUrl":"https:\/\/kitelodgebrasil.com\/wp-content\/uploads\/2019\/04\/cropped-Kitelodge-Logo-Color-RGB-500px@72ppi.jpg","width":500,"height":209,"caption":"Kite Lodge Brazil"},"image":{"@id":"https:\/\/kitelodgebrasil.com\/#\/schema\/logo\/image\/"}}]}},"_links":{"self":[{"href":"https:\/\/kitelodgebrasil.com\/pt-br\/wp-json\/wp\/v2\/pages\/10252","targetHints":{"allow":["GET"]}}],"collection":[{"href":"https:\/\/kitelodgebrasil.com\/pt-br\/wp-json\/wp\/v2\/pages"}],"about":[{"href":"https:\/\/kitelodgebrasil.com\/pt-br\/wp-json\/wp\/v2\/types\/page"}],"author":[{"embeddable":true,"href":"https:\/\/kitelodgebrasil.com\/pt-br\/wp-json\/wp\/v2\/users\/1"}],"replies":[{"embeddable":true,"href":"https:\/\/kitelodgebrasil.com\/pt-br\/wp-json\/wp\/v2\/comments?post=10252"}],"version-history":[{"count":4,"href":"https:\/\/kitelodgebrasil.com\/pt-br\/wp-json\/wp\/v2\/pages\/10252\/revisions"}],"predecessor-version":[{"id":10327,"href":"https:\/\/kitelodgebrasil.com\/pt-br\/wp-json\/wp\/v2\/pages\/10252\/revisions\/10327"}],"wp:attachment":[{"href":"https:\/\/kitelodgebrasil.com\/pt-br\/wp-json\/wp\/v2\/media?parent=10252"}],"curies":[{"name":"wp","href":"https:\/\/api.w.org\/{rel}","templated":true}]}}