{"id":1949,"date":"2020-09-05T10:10:51","date_gmt":"2020-09-05T10:10:51","guid":{"rendered":"https:\/\/kitelodgebrasil.com\/reserva\/"},"modified":"2025-02-20T15:08:01","modified_gmt":"2025-02-20T15:08:01","slug":"reserva","status":"publish","type":"page","link":"https:\/\/kitelodgebrasil.com\/pt-br\/reserva\/","title":{"rendered":"Reserva"},"content":{"rendered":"\t\t<div data-elementor-type=\"wp-post\" data-elementor-id=\"1949\" class=\"elementor elementor-1949 elementor-508\" data-elementor-post-type=\"page\">\n\t\t\t\t\t\t<section class=\"elementor-section elementor-top-section elementor-element elementor-element-4bbbd0a elementor-section-boxed elementor-section-height-default elementor-section-height-default\" data-id=\"4bbbd0a\" data-element_type=\"section\" data-settings=\"{&quot;background_background&quot;:&quot;classic&quot;}\">\n\t\t\t\t\t\t<div class=\"elementor-container elementor-column-gap-default\">\n\t\t\t\t\t<div class=\"elementor-column elementor-col-100 elementor-top-column elementor-element elementor-element-e332142\" data-id=\"e332142\" data-element_type=\"column\">\n\t\t\t<div class=\"elementor-widget-wrap elementor-element-populated\">\n\t\t\t\t\t\t<div class=\"elementor-element elementor-element-75161bb elementor-widget elementor-widget-spacer\" data-id=\"75161bb\" data-element_type=\"widget\" data-widget_type=\"spacer.default\">\n\t\t\t\t<div class=\"elementor-widget-container\">\n\t\t\t\t\t\t\t<div class=\"elementor-spacer\">\n\t\t\t<div class=\"elementor-spacer-inner\"><\/div>\n\t\t<\/div>\n\t\t\t\t\t\t<\/div>\n\t\t\t\t<\/div>\n\t\t\t\t\t<\/div>\n\t\t<\/div>\n\t\t\t\t\t<\/div>\n\t\t<\/section>\n\t\t\t\t<section class=\"elementor-section elementor-top-section elementor-element elementor-element-2972f30a elementor-section-boxed elementor-section-height-default elementor-section-height-default\" data-id=\"2972f30a\" data-element_type=\"section\">\n\t\t\t\t\t\t<div class=\"elementor-container elementor-column-gap-default\">\n\t\t\t\t\t<div class=\"elementor-column elementor-col-50 elementor-top-column elementor-element elementor-element-25a145ba\" data-id=\"25a145ba\" data-element_type=\"column\">\n\t\t\t<div class=\"elementor-widget-wrap elementor-element-populated\">\n\t\t\t\t\t\t<div class=\"elementor-element elementor-element-100b41f7 elementor-widget elementor-widget-heading\" data-id=\"100b41f7\" data-element_type=\"widget\" data-widget_type=\"heading.default\">\n\t\t\t\t<div class=\"elementor-widget-container\">\n\t\t\t\t\t<h3 class=\"elementor-heading-title elementor-size-default\">Reserve agora e garanta nossa melhor tarifa.<\/h3>\t\t\t\t<\/div>\n\t\t\t\t<\/div>\n\t\t\t\t<div class=\"elementor-element elementor-element-127d2e03 elementor-widget elementor-widget-text-editor\" data-id=\"127d2e03\" data-element_type=\"widget\" data-widget_type=\"text-editor.default\">\n\t\t\t\t<div class=\"elementor-widget-container\">\n\t\t\t\t\t\t\t\t\tReserve agora para obter as melhores tarifas e op\u00e7\u00f5es de nossos quartos. Ou envie uma solicita\u00e7\u00e3o &#8211; estamos felizes em responder.\t\t\t\t\t\t\t\t<\/div>\n\t\t\t\t<\/div>\n\t\t\t\t<div class=\"elementor-element elementor-element-3ac47e8d elementor-hidden-phone elementor-widget elementor-widget-html\" data-id=\"3ac47e8d\" data-element_type=\"widget\" data-widget_type=\"html.default\">\n\t\t\t\t<div class=\"elementor-widget-container\">\n\t\t\t\t\t<div style=\"font-size:16px;font-family: 'old-standard', Sans-serif;\"><br><span>Telefone\/WhatsApp<\/span><h1 class=\"col-button\" style=\"font-size:16px; display:inline; padding-left:20px\"> 88 98165-3192<\/h1><br><br><span>Email<\/span><h1 class=\"col-button\" style=\"font-size:17px; letter-spacing:0.1px; display:inline; padding-left:20px\"><a href=\"mailto:info@kitelodgebrazil.com\" class=\"col-button\">info@kitelodgebrazil.com<\/a><\/h1><br><\/div>\t\t\t\t<\/div>\n\t\t\t\t<\/div>\n\t\t\t\t<div class=\"elementor-element elementor-element-784ec6ea elementor-hidden-desktop elementor-hidden-tablet elementor-widget elementor-widget-html\" data-id=\"784ec6ea\" data-element_type=\"widget\" data-widget_type=\"html.default\">\n\t\t\t\t<div class=\"elementor-widget-container\">\n\t\t\t\t\t<div style=\"font-size:16px;font-family: 'old-standard', Sans-serif;\"><br><span>Telefone\/WhatsApp<\/span><h1 class=\"col-button\" style=\"font-size:16px; display:inline; padding-left:20px\"> 88 98165-3192<\/h1><br><br><span>Email<\/span><h1 class=\"col-button\" style=\"font-size:17px; letter-spacing:0.1px; display:inline; padding-left:20px\"><a href=\"mailto:info@kitelodgebrazil.com\" class=\"col-button\">info@kitelodgebrazil.com<\/a><\/h1><br><\/div>\t\t\t\t<\/div>\n\t\t\t\t<\/div>\n\t\t\t\t<div class=\"elementor-element elementor-element-20f9352b elementor-widget elementor-widget-image\" data-id=\"20f9352b\" data-element_type=\"widget\" data-widget_type=\"image.default\">\n\t\t\t\t<div class=\"elementor-widget-container\">\n\t\t\t\t\t\t\t\t\t\t\t\t\t\t\t<img decoding=\"async\" width=\"160\" height=\"46\" src=\"https:\/\/kitelodgebrasil.com\/wp-content\/uploads\/2019\/06\/best-rates-dark.png\" class=\"attachment-large size-large wp-image-448\" alt=\"\" \/>\t\t\t\t\t\t\t\t\t\t\t\t\t\t\t<\/div>\n\t\t\t\t<\/div>\n\t\t\t\t\t<\/div>\n\t\t<\/div>\n\t\t\t\t<div class=\"elementor-column elementor-col-50 elementor-top-column elementor-element elementor-element-7fb1c477\" data-id=\"7fb1c477\" data-element_type=\"column\">\n\t\t\t<div class=\"elementor-widget-wrap elementor-element-populated\">\n\t\t\t\t\t\t<div class=\"elementor-element elementor-element-29133f11 elementor-button-align-end elementor-widget elementor-widget-form\" data-id=\"29133f11\" data-element_type=\"widget\" data-settings=\"{&quot;step_next_label&quot;:&quot;Pr\\u00f3xima&quot;,&quot;step_previous_label&quot;:&quot;P\\u00e1gina anterior&quot;,&quot;button_width&quot;:&quot;100&quot;,&quot;step_type&quot;:&quot;number_text&quot;,&quot;step_icon_shape&quot;:&quot;circle&quot;}\" data-widget_type=\"form.default\">\n\t\t\t\t<div class=\"elementor-widget-container\">\n\t\t\t\t\t\t\t<form class=\"elementor-form\" method=\"post\" name=\"Reserva\">\n\t\t\t<input type=\"hidden\" name=\"post_id\" value=\"1949\"\/>\n\t\t\t<input type=\"hidden\" name=\"form_id\" value=\"29133f11\"\/>\n\t\t\t<input type=\"hidden\" name=\"referer_title\" value=\"Kite Lodge Brazil\" \/>\n\n\t\t\t\n\t\t\t<div class=\"elementor-form-fields-wrapper elementor-labels-above\">\n\t\t\t\t\t\t\t\t<div class=\"elementor-field-type-date elementor-field-group elementor-column elementor-field-group-checkin elementor-col-100 elementor-field-required\">\n\t\t\t\t\t\t\t\t\t\t\t\t<label for=\"form-field-checkin\" class=\"elementor-field-label\">\n\t\t\t\t\t\t\t\tDe\t\t\t\t\t\t\t<\/label>\n\t\t\t\t\t\t\n\t\t<input type=\"date\" name=\"form_fields[checkin]\" id=\"form-field-checkin\" class=\"elementor-field elementor-size-sm  elementor-field-textual elementor-date-field\" placeholder=\"De\" value=\"2026-04-13\" required=\"required\" pattern=\"[0-9]{4}-[0-9]{2}-[0-9]{2}\" min=\"2019-06-22\">\n\t\t\t\t\t\t<\/div>\n\t\t\t\t\t\t\t\t<div class=\"elementor-field-type-date elementor-field-group elementor-column elementor-field-group-checkout elementor-col-100 elementor-field-required\">\n\t\t\t\t\t\t\t\t\t\t\t\t<label for=\"form-field-checkout\" class=\"elementor-field-label\">\n\t\t\t\t\t\t\t\tAt\u00e9\t\t\t\t\t\t\t<\/label>\n\t\t\t\t\t\t\n\t\t<input type=\"date\" name=\"form_fields[checkout]\" id=\"form-field-checkout\" class=\"elementor-field elementor-size-sm  elementor-field-textual elementor-date-field\" placeholder=\"At\u00e9\" required=\"required\" pattern=\"[0-9]{4}-[0-9]{2}-[0-9]{2}\">\n\t\t\t\t\t\t<\/div>\n\t\t\t\t\t\t\t\t<div class=\"elementor-field-type-text\">\n\t\t\t\t\t<input size=\"1\" type=\"text\" name=\"form_fields[field_1]\" id=\"form-field-field_1\" class=\"elementor-field elementor-size-sm \" style=\"display:none !important;\">\t\t\t\t<\/div>\n\t\t\t\t\t\t\t\t<div class=\"elementor-field-group elementor-column elementor-field-type-submit elementor-col-100 e-form__buttons\">\n\t\t\t\t\t<button class=\"elementor-button elementor-size-sm\" type=\"submit\">\n\t\t\t\t\t\t<span class=\"elementor-button-content-wrapper\">\n\t\t\t\t\t\t\t\t\t\t\t\t\t\t\t<span class=\"elementor-button-icon\">\n\t\t\t\t\t\t\t\t\t<i class=\"fa fa-calendar\" aria-hidden=\"true\"><\/i>\t\t\t\t\t\t\t\t\t\t\t\t\t\t\t\t\t<\/span>\n\t\t\t\t\t\t\t\t\t\t\t\t\t\t\t\t\t\t\t\t\t\t<span class=\"elementor-button-text\">Continue<\/span>\n\t\t\t\t\t\t\t\t\t\t\t\t\t<\/span>\n\t\t\t\t\t<\/button>\n\t\t\t\t<\/div>\n\t\t\t<\/div>\n\t\t<\/form>\n\t\t\t\t\t\t<\/div>\n\t\t\t\t<\/div>\n\t\t\t\t<div class=\"elementor-element elementor-element-177d7166 elementor-widget elementor-widget-heading\" data-id=\"177d7166\" data-element_type=\"widget\" data-widget_type=\"heading.default\">\n\t\t\t\t<div class=\"elementor-widget-container\">\n\t\t\t\t\t<h2 class=\"elementor-heading-title elementor-size-default\">Ou<\/h2>\t\t\t\t<\/div>\n\t\t\t\t<\/div>\n\t\t\t\t<div class=\"elementor-element elementor-element-13218968 elementor-widget elementor-widget-html\" data-id=\"13218968\" data-element_type=\"widget\" data-widget_type=\"html.default\">\n\t\t\t\t<div class=\"elementor-widget-container\">\n\t\t\t\t\t<div style=\"font-size:16px;font-family: 'old-standard', Sans-serif;\"><br><span>Telefone\/WhatsApp<\/span><h1 class=\"col-button\" style=\"font-size:16px; display:inline; padding-left:20px\"> 88 98165-3192<\/h1><br><br><span>Email<\/span><h1 class=\"col-button\" style=\"font-size:17px; letter-spacing:0.1px; display:inline; padding-left:20px\"><a href=\"mailto:info@kitelodgebrazil.com\" class=\"col-button\">info@kitelodgebrazil.com<\/a><\/h1><br><\/div>\t\t\t\t<\/div>\n\t\t\t\t<\/div>\n\t\t\t\t\t<\/div>\n\t\t<\/div>\n\t\t\t\t\t<\/div>\n\t\t<\/section>\n\t\t\t\t<\/div>\n\t\t","protected":false},"excerpt":{"rendered":"<p>Reserve agora e garanta nossa melhor tarifa. Reserve agora para obter as melhores tarifas e op\u00e7\u00f5es de nossos quartos. Ou envie uma solicita\u00e7\u00e3o &#8211; estamos felizes em responder. Telefone\/WhatsApp 88 98165-3192 Email info@kitelodgebrazil.com Telefone\/WhatsApp 88 98165-3192 Email info@kitelodgebrazil.com Ou Telefone\/WhatsApp 88 98165-3192 Email info@kitelodgebrazil.com<\/p>\n","protected":false},"author":1,"featured_media":0,"parent":0,"menu_order":0,"comment_status":"closed","ping_status":"closed","template":"","meta":{"_acf_changed":false,"footnotes":""},"class_list":["post-1949","page","type-page","status-publish","hentry"],"acf":[],"yoast_head":"<!-- This site is optimized with the Yoast SEO plugin v20.5 - https:\/\/yoast.com\/wordpress\/plugins\/seo\/ -->\n<title>Reserva &bull; Kite Lodge Brazil<\/title>\n<meta name=\"robots\" content=\"index, follow, max-snippet:-1, max-image-preview:large, max-video-preview:-1\" \/>\n<link rel=\"canonical\" href=\"https:\/\/kitelodgebrasil.com\/booking\/\" \/>\n<meta property=\"og:locale\" content=\"pt_BR\" \/>\n<meta property=\"og:type\" content=\"article\" \/>\n<meta property=\"og:title\" content=\"Reserva &bull; Kite Lodge Brazil\" \/>\n<meta property=\"og:description\" content=\"Reserve agora e garanta nossa melhor tarifa. Reserve agora para obter as melhores tarifas e op\u00e7\u00f5es de nossos quartos. Ou envie uma solicita\u00e7\u00e3o &#8211; estamos felizes em responder. Telefone\/WhatsApp 88 98165-3192 Email info@kitelodgebrazil.com Telefone\/WhatsApp 88 98165-3192 Email info@kitelodgebrazil.com Ou Telefone\/WhatsApp 88 98165-3192 Email info@kitelodgebrazil.com\" \/>\n<meta property=\"og:url\" content=\"https:\/\/kitelodgebrasil.com\/booking\/\" \/>\n<meta property=\"og:site_name\" content=\"Kite Lodge Brazil\" \/>\n<meta property=\"article:modified_time\" content=\"2025-02-20T15:08:01+00:00\" \/>\n<meta property=\"og:image\" content=\"https:\/\/kitelodgebrasil.com\/wp-content\/uploads\/2019\/06\/best-rates-dark.png\" \/>\n<meta name=\"twitter:card\" content=\"summary_large_image\" \/>\n<script type=\"application\/ld+json\" class=\"yoast-schema-graph\">{\"@context\":\"https:\/\/schema.org\",\"@graph\":[{\"@type\":\"WebPage\",\"@id\":\"https:\/\/kitelodgebrasil.com\/booking\/\",\"url\":\"https:\/\/kitelodgebrasil.com\/booking\/\",\"name\":\"Reserva &bull; Kite Lodge Brazil\",\"isPartOf\":{\"@id\":\"https:\/\/kitelodgebrasil.com\/#website\"},\"datePublished\":\"2020-09-05T10:10:51+00:00\",\"dateModified\":\"2025-02-20T15:08:01+00:00\",\"breadcrumb\":{\"@id\":\"https:\/\/kitelodgebrasil.com\/booking\/#breadcrumb\"},\"inLanguage\":\"pt-BR\",\"potentialAction\":[{\"@type\":\"ReadAction\",\"target\":[\"https:\/\/kitelodgebrasil.com\/booking\/\"]}]},{\"@type\":\"BreadcrumbList\",\"@id\":\"https:\/\/kitelodgebrasil.com\/booking\/#breadcrumb\",\"itemListElement\":[{\"@type\":\"ListItem\",\"position\":1,\"name\":\"Home\",\"item\":\"https:\/\/kitelodgebrasil.com\/\"},{\"@type\":\"ListItem\",\"position\":2,\"name\":\"Reserva\"}]},{\"@type\":\"WebSite\",\"@id\":\"https:\/\/kitelodgebrasil.com\/#website\",\"url\":\"https:\/\/kitelodgebrasil.com\/\",\"name\":\"Kite Lodge Brazil\",\"description\":\"Kite Lodge Brazil\",\"publisher\":{\"@id\":\"https:\/\/kitelodgebrasil.com\/#organization\"},\"potentialAction\":[{\"@type\":\"SearchAction\",\"target\":{\"@type\":\"EntryPoint\",\"urlTemplate\":\"https:\/\/kitelodgebrasil.com\/?s={search_term_string}\"},\"query-input\":\"required name=search_term_string\"}],\"inLanguage\":\"pt-BR\"},{\"@type\":\"Organization\",\"@id\":\"https:\/\/kitelodgebrasil.com\/#organization\",\"name\":\"Kite Lodge Brazil\",\"url\":\"https:\/\/kitelodgebrasil.com\/\",\"logo\":{\"@type\":\"ImageObject\",\"inLanguage\":\"pt-BR\",\"@id\":\"https:\/\/kitelodgebrasil.com\/#\/schema\/logo\/image\/\",\"url\":\"https:\/\/kitelodgebrasil.com\/wp-content\/uploads\/2019\/04\/cropped-Kitelodge-Logo-Color-RGB-500px@72ppi.jpg\",\"contentUrl\":\"https:\/\/kitelodgebrasil.com\/wp-content\/uploads\/2019\/04\/cropped-Kitelodge-Logo-Color-RGB-500px@72ppi.jpg\",\"width\":500,\"height\":209,\"caption\":\"Kite Lodge Brazil\"},\"image\":{\"@id\":\"https:\/\/kitelodgebrasil.com\/#\/schema\/logo\/image\/\"}}]}<\/script>\n<!-- \/ Yoast SEO plugin. -->","yoast_head_json":{"title":"Reserva &bull; Kite Lodge Brazil","robots":{"index":"index","follow":"follow","max-snippet":"max-snippet:-1","max-image-preview":"max-image-preview:large","max-video-preview":"max-video-preview:-1"},"canonical":"https:\/\/kitelodgebrasil.com\/booking\/","og_locale":"pt_BR","og_type":"article","og_title":"Reserva &bull; Kite Lodge Brazil","og_description":"Reserve agora e garanta nossa melhor tarifa. Reserve agora para obter as melhores tarifas e op\u00e7\u00f5es de nossos quartos. Ou envie uma solicita\u00e7\u00e3o &#8211; estamos felizes em responder. Telefone\/WhatsApp 88 98165-3192 Email info@kitelodgebrazil.com Telefone\/WhatsApp 88 98165-3192 Email info@kitelodgebrazil.com Ou Telefone\/WhatsApp 88 98165-3192 Email info@kitelodgebrazil.com","og_url":"https:\/\/kitelodgebrasil.com\/booking\/","og_site_name":"Kite Lodge Brazil","article_modified_time":"2025-02-20T15:08:01+00:00","og_image":[{"url":"https:\/\/kitelodgebrasil.com\/wp-content\/uploads\/2019\/06\/best-rates-dark.png"}],"twitter_card":"summary_large_image","schema":{"@context":"https:\/\/schema.org","@graph":[{"@type":"WebPage","@id":"https:\/\/kitelodgebrasil.com\/booking\/","url":"https:\/\/kitelodgebrasil.com\/booking\/","name":"Reserva &bull; Kite Lodge Brazil","isPartOf":{"@id":"https:\/\/kitelodgebrasil.com\/#website"},"datePublished":"2020-09-05T10:10:51+00:00","dateModified":"2025-02-20T15:08:01+00:00","breadcrumb":{"@id":"https:\/\/kitelodgebrasil.com\/booking\/#breadcrumb"},"inLanguage":"pt-BR","potentialAction":[{"@type":"ReadAction","target":["https:\/\/kitelodgebrasil.com\/booking\/"]}]},{"@type":"BreadcrumbList","@id":"https:\/\/kitelodgebrasil.com\/booking\/#breadcrumb","itemListElement":[{"@type":"ListItem","position":1,"name":"Home","item":"https:\/\/kitelodgebrasil.com\/"},{"@type":"ListItem","position":2,"name":"Reserva"}]},{"@type":"WebSite","@id":"https:\/\/kitelodgebrasil.com\/#website","url":"https:\/\/kitelodgebrasil.com\/","name":"Kite Lodge Brazil","description":"Kite Lodge Brazil","publisher":{"@id":"https:\/\/kitelodgebrasil.com\/#organization"},"potentialAction":[{"@type":"SearchAction","target":{"@type":"EntryPoint","urlTemplate":"https:\/\/kitelodgebrasil.com\/?s={search_term_string}"},"query-input":"required name=search_term_string"}],"inLanguage":"pt-BR"},{"@type":"Organization","@id":"https:\/\/kitelodgebrasil.com\/#organization","name":"Kite Lodge Brazil","url":"https:\/\/kitelodgebrasil.com\/","logo":{"@type":"ImageObject","inLanguage":"pt-BR","@id":"https:\/\/kitelodgebrasil.com\/#\/schema\/logo\/image\/","url":"https:\/\/kitelodgebrasil.com\/wp-content\/uploads\/2019\/04\/cropped-Kitelodge-Logo-Color-RGB-500px@72ppi.jpg","contentUrl":"https:\/\/kitelodgebrasil.com\/wp-content\/uploads\/2019\/04\/cropped-Kitelodge-Logo-Color-RGB-500px@72ppi.jpg","width":500,"height":209,"caption":"Kite Lodge Brazil"},"image":{"@id":"https:\/\/kitelodgebrasil.com\/#\/schema\/logo\/image\/"}}]}},"_links":{"self":[{"href":"https:\/\/kitelodgebrasil.com\/pt-br\/wp-json\/wp\/v2\/pages\/1949","targetHints":{"allow":["GET"]}}],"collection":[{"href":"https:\/\/kitelodgebrasil.com\/pt-br\/wp-json\/wp\/v2\/pages"}],"about":[{"href":"https:\/\/kitelodgebrasil.com\/pt-br\/wp-json\/wp\/v2\/types\/page"}],"author":[{"embeddable":true,"href":"https:\/\/kitelodgebrasil.com\/pt-br\/wp-json\/wp\/v2\/users\/1"}],"replies":[{"embeddable":true,"href":"https:\/\/kitelodgebrasil.com\/pt-br\/wp-json\/wp\/v2\/comments?post=1949"}],"version-history":[{"count":4,"href":"https:\/\/kitelodgebrasil.com\/pt-br\/wp-json\/wp\/v2\/pages\/1949\/revisions"}],"predecessor-version":[{"id":10125,"href":"https:\/\/kitelodgebrasil.com\/pt-br\/wp-json\/wp\/v2\/pages\/1949\/revisions\/10125"}],"wp:attachment":[{"href":"https:\/\/kitelodgebrasil.com\/pt-br\/wp-json\/wp\/v2\/media?parent=1949"}],"curies":[{"name":"wp","href":"https:\/\/api.w.org\/{rel}","templated":true}]}}