{"id":2136,"date":"2020-09-09T16:51:07","date_gmt":"2020-09-09T16:51:07","guid":{"rendered":"https:\/\/kitelodgebrasil.com\/termos\/"},"modified":"2024-01-10T15:35:40","modified_gmt":"2024-01-10T15:35:40","slug":"termos","status":"publish","type":"page","link":"https:\/\/kitelodgebrasil.com\/pt-br\/termos\/","title":{"rendered":"Condi\u00e7\u00f5es"},"content":{"rendered":"\t\t<div data-elementor-type=\"wp-post\" data-elementor-id=\"2136\" class=\"elementor elementor-2136 elementor-1003\" data-elementor-post-type=\"page\">\n\t\t\t\t<div class=\"elementor-element elementor-element-7c839dc e-flex e-con-boxed e-con e-parent\" data-id=\"7c839dc\" data-element_type=\"container\">\n\t\t\t\t\t<div class=\"e-con-inner\">\n\t\t<div class=\"elementor-element elementor-element-5e8bb2f e-con-full e-flex e-con e-parent\" data-id=\"5e8bb2f\" data-element_type=\"container\">\n\t\t\t\t<div class=\"elementor-element elementor-element-6fe1569 btn default elementor-widget elementor-widget-button\" data-id=\"6fe1569\" data-element_type=\"widget\" data-widget_type=\"button.default\">\n\t\t\t\t<div class=\"elementor-widget-container\">\n\t\t\t\t\t\t\t\t\t<div class=\"elementor-button-wrapper\">\n\t\t\t\t\t<a class=\"elementor-button elementor-button-link elementor-size-sm\" href=\"https:\/\/kitelodgebrasil.com\/pt-br\/\">\n\t\t\t\t\t\t<span class=\"elementor-button-content-wrapper\">\n\t\t\t\t\t\t\t\t\t<span class=\"elementor-button-text\">Voltar<\/span>\n\t\t\t\t\t<\/span>\n\t\t\t\t\t<\/a>\n\t\t\t\t<\/div>\n\t\t\t\t\t\t\t\t<\/div>\n\t\t\t\t<\/div>\n\t\t\t\t<div class=\"elementor-element elementor-element-e74a53a elementor-widget elementor-widget-text-editor\" data-id=\"e74a53a\" data-element_type=\"widget\" data-widget_type=\"text-editor.default\">\n\t\t\t\t<div class=\"elementor-widget-container\">\n\t\t\t\t\t\t\t\t\t<h2 style=\"text-align: center;\">Termos e condi\u00e7\u00f5es<\/h2>\n<h5>1 parceiro contratual<\/h5>\n<p>(1) O termo contratante de AGBS BRASIL EMPREENDIMENTOS E SERVICOS LTDA (Kite Lodge Brasil) em caso de d\u00favida, o Comprador, mesmo se ele encomendou para ou para outros indiv\u00edduos nomeados.<\/p>\n<p>(2) Os h\u00f3spedes da Kite Lodge Brazil s\u00e3o h\u00f3spedes de acordo com os Termos e Condi\u00e7\u00f5es.<\/p>\n<h5>2 Celebra\u00e7\u00e3o do contrato<\/h5>\n<p>(1) O contrato de hospedagem \u00e9 geralmente formado atrav\u00e9s da aceita\u00e7\u00e3o de um pedido escrito ou verbal do h\u00f3spede pela Kite Lodge Brasil.<\/p>\n<p>(2) Servi\u00e7os extras do Kite Lodge Brasil, que n\u00e3o est\u00e3o inclu\u00eddos no pre\u00e7o da acomoda\u00e7\u00e3o:<\/p>\n<ol>\n<li>a) a disponibiliza\u00e7\u00e3o de camas suplementares ou de ber\u00e7os est\u00e1 sujeita a um pre\u00e7o reduzido.<\/li>\n<\/ol>\n<p>(3) Os pre\u00e7os marcados devem ser inclusivos.<\/p>\n<h5>3 In\u00edcio e fim do alojamento<\/h5>\n<p>(1) O h\u00f3spede tem o direito de ocupar os quartos alugados a partir das 14:00 horas do dia de chegada.<\/p>\n<p>(2) A Kite Lodge Brasil tem o direito de rescindir a reserva caso o h\u00f3spede n\u00e3o compare\u00e7a at\u00e9 as 18:00 horas do dia da chegada, a menos que um hor\u00e1rio de chegada posterior tenha sido acordado na confirma\u00e7\u00e3o da reserva.<\/p>\n<p>(3) Se o H\u00f3spede tiver pago um dep\u00f3sito, o(s) quarto(s) permanece(m), no entanto, o(s) quarto(s) reservado(s) at\u00e9 \u00e0s 11:00 horas do dia seguinte.<\/p>\n<p>(4) Os quartos devem ser desocupados pelo h\u00f3spede at\u00e9 \u00e0s 11:00 horas da data de partida.<\/p>\n<p>(5) Uma extens\u00e3o da estadia do h\u00f3spede requer o consentimento da Kite Lodge Brasil.<\/p>\n<h5>4 Cancelamento e pr\u00e9-pagamento<\/h5>\n<p>As op\u00e7\u00f5es de pagamento e cancelamento est\u00e3o descritas na p\u00e1gina de <a href=\"https:\/\/kitelodgebrasil.com\/pt-br\/informacoes-de-pagamento\/\">informa\u00e7\u00f5es de pagamento<\/a>.<\/p>\n<h5>5 Disponibiliza\u00e7\u00e3o de alojamento alternativo<\/h5>\n<p>(1) A Kite Lodge Brasil pode fornecer ao h\u00f3spede uma acomoda\u00e7\u00e3o substituta adequada, se isso for razo\u00e1vel para o h\u00f3spede, especialmente se o desvio for insignificante e justificado.<\/p>\n<p>(2) \u00c9 dada uma justifica\u00e7\u00e3o factual, por exemplo, se o(s) quarto(s) ficar(em) inutiliz\u00e1vel(eis), os h\u00f3spedes prolongarem a sua estadia ou outras medidas operacionais nesta fase.<\/p>\n<p>(3) Quaisquer custos adicionais para a acomoda\u00e7\u00e3o substituta ser\u00e3o pagos pela Kite Lodge Brasil.<\/p>\n<h5>6 Obriga\u00e7\u00f5es do Convidado<\/h5>\n<p>(1) Ap\u00f3s a rescis\u00e3o do contrato de alojamento, \u00e9 paga a taxa acordada. Moedas estrangeiras ser\u00e3o levadas pela Kite Lodge Brasil na taxa di\u00e1ria em pagamento.<\/p>\n<p>A Kite Lodge Brasil n\u00e3o \u00e9 obrigada a aceitar instrumentos de pagamento sem dinheiro, tais como cheques, cart\u00f5es de cr\u00e9dito, vales, etc. Todas as despesas necess\u00e1rias para a aceita\u00e7\u00e3o destas op\u00e7\u00f5es de pagamento, tais como consultas, descontos, etc., ser\u00e3o suportadas pelo h\u00f3spede.<\/p>\n<p>(2) Antes de colocar dispositivos electr\u00f3nicos trazidos pelos h\u00f3spedes e que n\u00e3o perten\u00e7am aos requisitos normais de viagem, deve ser obtida a autoriza\u00e7\u00e3o do alojamento.<\/p>\n<p>(3) As regras do direito civil aplicam-se aos danos causados pelo h\u00f3spede. Portanto, o h\u00f3spede \u00e9 respons\u00e1vel por qualquer dano ou preju\u00edzo que a Kite Lodge Brasil ou terceiros venham a sofrer por culpa sua ou de seus acompanhantes ou de outras pessoas pelas quais ele seja respons\u00e1vel, mesmo que a parte prejudicada tenha direito a indeniza\u00e7\u00e3o para levar a Kite Lodge Brasil.<\/p>\n<h5>7 Responsabilidade da Kite Lodge Brasil por danos<\/h5>\n<p>(1) A Kite Lodge Brasil \u00e9 respons\u00e1vel pelos danos sofridos pelo h\u00f3spede, caso o dano tenha ocorrido durante a opera\u00e7\u00e3o e ela ou seus funcion\u00e1rios tenham cometido uma neglig\u00eancia grave.<\/p>\n<p>(2) Responsabilidade pelos objectos. Al\u00e9m disso, o Kite Lodge Brasil \u00e9 respons\u00e1vel como deposit\u00e1rio dos pertences dos h\u00f3spedes at\u00e9 o limite de R$ 2.000, -, se for provado que o dano foi infligido por ele ou por um de seus funcion\u00e1rios.<\/p>\n<h5>8 Cessa\u00e7\u00e3o do alojamento<\/h5>\n<p>(1) O contrato de alojamento foi celebrado por um per\u00edodo determinado, terminando com a data de sa\u00edda. Se o h\u00f3spede sair mais cedo, a Kite Lodge Brasil tem o direito de exigir o pagamento integral do valor.<\/p>\n<p>(2) Se o h\u00f3spede n\u00e3o desocupar o quarto at\u00e9 \u00e0s 11:00 horas da data de partida, a Kite Lodge Brasil tem o direito de cobrar o quarto por mais um dia.<\/p>\n<p>(3) A Kite Lodge Brasil ter\u00e1 o direito de cancelar o contrato de hospedagem com efeito imediato se o h\u00f3spede<\/p>\n<ol>\n<li>a) das instala\u00e7\u00f5es faz um uso prejudicial consider\u00e1vel ou atrav\u00e9s do seu comportamento irreflectido, indecente ou de outra forma grosseiramente impr\u00f3pria o outro estraga a vida ou, em frente Kite Lodge Brasil e seu povo ou um residente no Alojamento pessoa um ato pun\u00edvel contra a propriedade a moralidade ou a seguran\u00e7a f\u00edsica \u00e9 culpado;<\/li>\n<li>b) sofra de uma doen\u00e7a contagiosa ou cuja dura\u00e7\u00e3o exceda a dura\u00e7\u00e3o da doen\u00e7a ou dos cuidados;<\/li>\n<li>c) a factura apresentada a pedido, dentro de um prazo razo\u00e1vel, n\u00e3o for paga.<\/li>\n<\/ol>\n<h5>13 Local de execu\u00e7\u00e3o e jurisdi\u00e7\u00e3o<\/h5>\n<p>O local de realiza\u00e7\u00e3o \u00e9 o local onde o alojamento est\u00e1 situado, Jijoca de Jericoacoara.<\/p>\n\t\t\t\t\t\t\t\t<\/div>\n\t\t\t\t<\/div>\n\t\t\t\t<\/div>\n\t\t\t\t\t<\/div>\n\t\t\t\t<\/div>\n\t\t\t\t<\/div>\n\t\t","protected":false},"excerpt":{"rendered":"<p>Voltar Termos e condi\u00e7\u00f5es 1 parceiro contratual (1) O termo contratante de AGBS BRASIL EMPREENDIMENTOS E SERVICOS LTDA (Kite Lodge Brasil) em caso de d\u00favida, o Comprador, mesmo se ele encomendou para ou para outros indiv\u00edduos nomeados. (2) Os h\u00f3spedes da Kite Lodge Brazil s\u00e3o h\u00f3spedes de acordo com os Termos e Condi\u00e7\u00f5es. 2 Celebra\u00e7\u00e3o [&hellip;]<\/p>\n","protected":false},"author":1,"featured_media":0,"parent":0,"menu_order":0,"comment_status":"closed","ping_status":"closed","template":"","meta":{"_acf_changed":false,"footnotes":""},"class_list":["post-2136","page","type-page","status-publish","hentry"],"acf":[],"yoast_head":"<!-- This site is optimized with the Yoast SEO plugin v20.5 - https:\/\/yoast.com\/wordpress\/plugins\/seo\/ -->\n<title>Condi\u00e7\u00f5es &bull; Kite Lodge Brazil<\/title>\n<meta name=\"robots\" content=\"index, follow, max-snippet:-1, max-image-preview:large, max-video-preview:-1\" \/>\n<link rel=\"canonical\" href=\"https:\/\/kitelodgebrasil.com\/pt-br\/termos\/\" \/>\n<meta property=\"og:locale\" content=\"pt_BR\" \/>\n<meta property=\"og:type\" content=\"article\" \/>\n<meta property=\"og:title\" content=\"Condi\u00e7\u00f5es &bull; Kite Lodge Brazil\" \/>\n<meta property=\"og:description\" content=\"Voltar Termos e condi\u00e7\u00f5es 1 parceiro contratual (1) O termo contratante de AGBS BRASIL EMPREENDIMENTOS E SERVICOS LTDA (Kite Lodge Brasil) em caso de d\u00favida, o Comprador, mesmo se ele encomendou para ou para outros indiv\u00edduos nomeados. (2) Os h\u00f3spedes da Kite Lodge Brazil s\u00e3o h\u00f3spedes de acordo com os Termos e Condi\u00e7\u00f5es. 2 Celebra\u00e7\u00e3o [&hellip;]\" \/>\n<meta property=\"og:url\" content=\"https:\/\/kitelodgebrasil.com\/pt-br\/termos\/\" \/>\n<meta property=\"og:site_name\" content=\"Kite Lodge Brazil\" \/>\n<meta property=\"article:modified_time\" content=\"2024-01-10T15:35:40+00:00\" \/>\n<meta name=\"twitter:card\" content=\"summary_large_image\" \/>\n<meta name=\"twitter:label1\" content=\"Est. tempo de leitura\" \/>\n\t<meta name=\"twitter:data1\" content=\"5 minutos\" \/>\n<script type=\"application\/ld+json\" class=\"yoast-schema-graph\">{\"@context\":\"https:\/\/schema.org\",\"@graph\":[{\"@type\":\"WebPage\",\"@id\":\"https:\/\/kitelodgebrasil.com\/pt-br\/termos\/\",\"url\":\"https:\/\/kitelodgebrasil.com\/pt-br\/termos\/\",\"name\":\"Condi\u00e7\u00f5es &bull; Kite Lodge Brazil\",\"isPartOf\":{\"@id\":\"https:\/\/kitelodgebrasil.com\/#website\"},\"datePublished\":\"2020-09-09T16:51:07+00:00\",\"dateModified\":\"2024-01-10T15:35:40+00:00\",\"breadcrumb\":{\"@id\":\"https:\/\/kitelodgebrasil.com\/pt-br\/termos\/#breadcrumb\"},\"inLanguage\":\"pt-BR\",\"potentialAction\":[{\"@type\":\"ReadAction\",\"target\":[\"https:\/\/kitelodgebrasil.com\/pt-br\/termos\/\"]}]},{\"@type\":\"BreadcrumbList\",\"@id\":\"https:\/\/kitelodgebrasil.com\/pt-br\/termos\/#breadcrumb\",\"itemListElement\":[{\"@type\":\"ListItem\",\"position\":1,\"name\":\"Home\",\"item\":\"https:\/\/kitelodgebrasil.com\/\"},{\"@type\":\"ListItem\",\"position\":2,\"name\":\"Condi\u00e7\u00f5es\"}]},{\"@type\":\"WebSite\",\"@id\":\"https:\/\/kitelodgebrasil.com\/#website\",\"url\":\"https:\/\/kitelodgebrasil.com\/\",\"name\":\"Kite Lodge Brazil\",\"description\":\"Kite Lodge Brazil\",\"publisher\":{\"@id\":\"https:\/\/kitelodgebrasil.com\/#organization\"},\"potentialAction\":[{\"@type\":\"SearchAction\",\"target\":{\"@type\":\"EntryPoint\",\"urlTemplate\":\"https:\/\/kitelodgebrasil.com\/?s={search_term_string}\"},\"query-input\":\"required name=search_term_string\"}],\"inLanguage\":\"pt-BR\"},{\"@type\":\"Organization\",\"@id\":\"https:\/\/kitelodgebrasil.com\/#organization\",\"name\":\"Kite Lodge Brazil\",\"url\":\"https:\/\/kitelodgebrasil.com\/\",\"logo\":{\"@type\":\"ImageObject\",\"inLanguage\":\"pt-BR\",\"@id\":\"https:\/\/kitelodgebrasil.com\/#\/schema\/logo\/image\/\",\"url\":\"https:\/\/kitelodgebrasil.com\/wp-content\/uploads\/2019\/04\/cropped-Kitelodge-Logo-Color-RGB-500px@72ppi.jpg\",\"contentUrl\":\"https:\/\/kitelodgebrasil.com\/wp-content\/uploads\/2019\/04\/cropped-Kitelodge-Logo-Color-RGB-500px@72ppi.jpg\",\"width\":500,\"height\":209,\"caption\":\"Kite Lodge Brazil\"},\"image\":{\"@id\":\"https:\/\/kitelodgebrasil.com\/#\/schema\/logo\/image\/\"}}]}<\/script>\n<!-- \/ Yoast SEO plugin. -->","yoast_head_json":{"title":"Condi\u00e7\u00f5es &bull; Kite Lodge Brazil","robots":{"index":"index","follow":"follow","max-snippet":"max-snippet:-1","max-image-preview":"max-image-preview:large","max-video-preview":"max-video-preview:-1"},"canonical":"https:\/\/kitelodgebrasil.com\/pt-br\/termos\/","og_locale":"pt_BR","og_type":"article","og_title":"Condi\u00e7\u00f5es &bull; Kite Lodge Brazil","og_description":"Voltar Termos e condi\u00e7\u00f5es 1 parceiro contratual (1) O termo contratante de AGBS BRASIL EMPREENDIMENTOS E SERVICOS LTDA (Kite Lodge Brasil) em caso de d\u00favida, o Comprador, mesmo se ele encomendou para ou para outros indiv\u00edduos nomeados. (2) Os h\u00f3spedes da Kite Lodge Brazil s\u00e3o h\u00f3spedes de acordo com os Termos e Condi\u00e7\u00f5es. 2 Celebra\u00e7\u00e3o [&hellip;]","og_url":"https:\/\/kitelodgebrasil.com\/pt-br\/termos\/","og_site_name":"Kite Lodge Brazil","article_modified_time":"2024-01-10T15:35:40+00:00","twitter_card":"summary_large_image","twitter_misc":{"Est. tempo de leitura":"5 minutos"},"schema":{"@context":"https:\/\/schema.org","@graph":[{"@type":"WebPage","@id":"https:\/\/kitelodgebrasil.com\/pt-br\/termos\/","url":"https:\/\/kitelodgebrasil.com\/pt-br\/termos\/","name":"Condi\u00e7\u00f5es &bull; Kite Lodge Brazil","isPartOf":{"@id":"https:\/\/kitelodgebrasil.com\/#website"},"datePublished":"2020-09-09T16:51:07+00:00","dateModified":"2024-01-10T15:35:40+00:00","breadcrumb":{"@id":"https:\/\/kitelodgebrasil.com\/pt-br\/termos\/#breadcrumb"},"inLanguage":"pt-BR","potentialAction":[{"@type":"ReadAction","target":["https:\/\/kitelodgebrasil.com\/pt-br\/termos\/"]}]},{"@type":"BreadcrumbList","@id":"https:\/\/kitelodgebrasil.com\/pt-br\/termos\/#breadcrumb","itemListElement":[{"@type":"ListItem","position":1,"name":"Home","item":"https:\/\/kitelodgebrasil.com\/"},{"@type":"ListItem","position":2,"name":"Condi\u00e7\u00f5es"}]},{"@type":"WebSite","@id":"https:\/\/kitelodgebrasil.com\/#website","url":"https:\/\/kitelodgebrasil.com\/","name":"Kite Lodge Brazil","description":"Kite Lodge Brazil","publisher":{"@id":"https:\/\/kitelodgebrasil.com\/#organization"},"potentialAction":[{"@type":"SearchAction","target":{"@type":"EntryPoint","urlTemplate":"https:\/\/kitelodgebrasil.com\/?s={search_term_string}"},"query-input":"required name=search_term_string"}],"inLanguage":"pt-BR"},{"@type":"Organization","@id":"https:\/\/kitelodgebrasil.com\/#organization","name":"Kite Lodge Brazil","url":"https:\/\/kitelodgebrasil.com\/","logo":{"@type":"ImageObject","inLanguage":"pt-BR","@id":"https:\/\/kitelodgebrasil.com\/#\/schema\/logo\/image\/","url":"https:\/\/kitelodgebrasil.com\/wp-content\/uploads\/2019\/04\/cropped-Kitelodge-Logo-Color-RGB-500px@72ppi.jpg","contentUrl":"https:\/\/kitelodgebrasil.com\/wp-content\/uploads\/2019\/04\/cropped-Kitelodge-Logo-Color-RGB-500px@72ppi.jpg","width":500,"height":209,"caption":"Kite Lodge Brazil"},"image":{"@id":"https:\/\/kitelodgebrasil.com\/#\/schema\/logo\/image\/"}}]}},"_links":{"self":[{"href":"https:\/\/kitelodgebrasil.com\/pt-br\/wp-json\/wp\/v2\/pages\/2136","targetHints":{"allow":["GET"]}}],"collection":[{"href":"https:\/\/kitelodgebrasil.com\/pt-br\/wp-json\/wp\/v2\/pages"}],"about":[{"href":"https:\/\/kitelodgebrasil.com\/pt-br\/wp-json\/wp\/v2\/types\/page"}],"author":[{"embeddable":true,"href":"https:\/\/kitelodgebrasil.com\/pt-br\/wp-json\/wp\/v2\/users\/1"}],"replies":[{"embeddable":true,"href":"https:\/\/kitelodgebrasil.com\/pt-br\/wp-json\/wp\/v2\/comments?post=2136"}],"version-history":[{"count":16,"href":"https:\/\/kitelodgebrasil.com\/pt-br\/wp-json\/wp\/v2\/pages\/2136\/revisions"}],"predecessor-version":[{"id":8813,"href":"https:\/\/kitelodgebrasil.com\/pt-br\/wp-json\/wp\/v2\/pages\/2136\/revisions\/8813"}],"wp:attachment":[{"href":"https:\/\/kitelodgebrasil.com\/pt-br\/wp-json\/wp\/v2\/media?parent=2136"}],"curies":[{"name":"wp","href":"https:\/\/api.w.org\/{rel}","templated":true}]}}