{"id":4481,"date":"2022-04-12T13:39:29","date_gmt":"2022-04-12T13:39:29","guid":{"rendered":"https:\/\/kitelodgebrasil.com\/informacoes-de-pagamento\/"},"modified":"2025-09-05T20:38:46","modified_gmt":"2025-09-05T20:38:46","slug":"informacoes-de-pagamento","status":"publish","type":"page","link":"https:\/\/kitelodgebrasil.com\/pt-br\/informacoes-de-pagamento\/","title":{"rendered":"informa\u00e7\u00f5es de pagamento"},"content":{"rendered":"\t\t<div data-elementor-type=\"wp-page\" data-elementor-id=\"4481\" class=\"elementor elementor-4481 elementor-4314\" data-elementor-post-type=\"page\">\n\t\t\t\t<div class=\"elementor-element elementor-element-a03b705 e-flex e-con-boxed e-con e-parent\" data-id=\"a03b705\" data-element_type=\"container\">\n\t\t\t\t\t<div class=\"e-con-inner\">\n\t\t<div class=\"elementor-element elementor-element-11470d9 e-con-full e-flex e-con e-child\" data-id=\"11470d9\" data-element_type=\"container\">\n\t\t\t\t<div class=\"elementor-element elementor-element-83931e6 btn default elementor-widget elementor-widget-button\" data-id=\"83931e6\" data-element_type=\"widget\" data-widget_type=\"button.default\">\n\t\t\t\t<div class=\"elementor-widget-container\">\n\t\t\t\t\t\t\t\t\t<div class=\"elementor-button-wrapper\">\n\t\t\t\t\t<a class=\"elementor-button elementor-button-link elementor-size-sm\" href=\"https:\/\/kitelodgebrasil.com\/pt-br\/\">\n\t\t\t\t\t\t<span class=\"elementor-button-content-wrapper\">\n\t\t\t\t\t\t\t\t\t<span class=\"elementor-button-text\">Voltar<\/span>\n\t\t\t\t\t<\/span>\n\t\t\t\t\t<\/a>\n\t\t\t\t<\/div>\n\t\t\t\t\t\t\t\t<\/div>\n\t\t\t\t<\/div>\n\t\t\t\t<div class=\"elementor-element elementor-element-2c551b7 elementor-widget elementor-widget-text-editor\" data-id=\"2c551b7\" data-element_type=\"widget\" data-widget_type=\"text-editor.default\">\n\t\t\t\t<div class=\"elementor-widget-container\">\n\t\t\t\t\t\t\t\t\t<h2>Op\u00e7\u00f5es de pagamento<\/h2><p data-pm-slice=\"1 3 []\"><span style=\"text-decoration: underline;\"><strong>Pagamentos internacionais<\/strong><\/span><\/p><p>Voc\u00ea pode facilmente fazer pagamentos internacionais em euros para nossa conta europeia. Os dados banc\u00e1rios ser\u00e3o enviados a voc\u00ea junto com a confirma\u00e7\u00e3o da reserva. <\/p><ul data-tight=\"true\"><li><p><strong>IBAN<\/strong>: BE80905591668277<\/p><\/li><li><p><strong>Nome<\/strong>: AGBS BRASIL EMPREENDIMENTOS E SERVI\u00c7OS LTDA<\/p><\/li><li><p><strong>SWIFT\/BIC<\/strong>: TRWIBEB1XXX<\/p><\/li><li><p><strong>Banco<\/strong>: Wise, Rue du Tr\u00f4ne 100, 3\u00ba andar, Bruxelas, 1050, B\u00e9lgica<\/p><\/li><\/ul><p><span style=\"text-decoration: underline;\"><strong>WISE<\/strong><\/span><\/p><p>Se voc\u00ea tiver uma conta da Wise, poder\u00e1 usar o seguinte link para fazer uma transfer\u00eancia direta:<\/p><ul data-tight=\"true\"><li><p><a href=\"https:\/\/wise.com\/pay\/business\/agbsbrasilempreendimentoseservicosltda\">Pagar via Wise<\/a><\/p><\/li><\/ul><p><span style=\"text-decoration: underline;\"><strong>PIX (somente no Brasil)<\/strong><\/span><\/p><ul data-tight=\"true\"><li><p><strong>CNPJ<\/strong>: 19.114.226\/0001-41<\/p><\/li><li><p><strong>Nome<\/strong>: AGBS BRASIL EMPREENDIMENTOS E SERVI\u00c7OS LTDA<\/p><\/li><\/ul><p><span style=\"text-decoration: underline;\"><strong>Cart\u00e3o de cr\u00e9dito<\/strong><\/span><\/p><p>O pagamento on-line seguro est\u00e1 dispon\u00edvel por meio de um link de pagamento personalizado. Uma <strong>taxa de processamento de 4,5%<\/strong> ser\u00e1 adicionada aos pagamentos de reserva para cobrir a comiss\u00e3o do cart\u00e3o de cr\u00e9dito. <\/p><div><hr><\/div><h2>Pol\u00edtica de cancelamento<\/h2><p><span style=\"text-decoration: underline;\"><strong>Tarifa padr\u00e3o<\/strong><\/span><\/p><p>As reservas podem ser canceladas ou modificadas gratuitamente at\u00e9 60 dias antes da data de chegada. Se voc\u00ea cancelar ou modificar ap\u00f3s esse per\u00edodo de cancelamento gratuito, ser\u00e1 cobrado o valor total. <\/p><ul data-tight=\"true\"><li><p>50% do valor total da reserva ser\u00e1 cobrado no momento da reserva.<\/p><\/li><li><p>O saldo restante ser\u00e1 cobrado ap\u00f3s o t\u00e9rmino do per\u00edodo de cancelamento gratuito.<\/p><\/li><\/ul><p><strong><span style=\"text-decoration: underline;\">Tarifa n\u00e3o reembols\u00e1vel<\/span><\/strong><\/p><p>Para reservas n\u00e3o reembols\u00e1veis, o valor total ser\u00e1 cobrado no momento da reserva e n\u00e3o poder\u00e1 ser reembolsado em caso de cancelamento.<\/p><p><span style=\"text-decoration: underline;\"><strong>Reserva de grupo (4 quartos ou mais)<\/strong><\/span><\/p><p>As reservas de 4 quartos ou mais s\u00e3o consideradas reservas de grupo. Uma reserva de grupo pode ser cancelada ou modificada gratuitamente at\u00e9 90 dias antes da data de chegada. Se voc\u00ea cancelar ou modificar ap\u00f3s esse per\u00edodo de cancelamento gratuito, ser\u00e1 cobrado o valor total.  <\/p><ul data-tight=\"true\"><li><p>50% do valor total da reserva pode ser cobrado no momento da reserva.<\/p><\/li><li><p>O saldo restante ser\u00e1 cobrado ap\u00f3s o t\u00e9rmino do per\u00edodo de cancelamento gratuito.<\/p><\/li><\/ul><div><hr><\/div><p><span style=\"text-decoration: underline;\"><strong>Informa\u00e7\u00f5es adicionais<\/strong><\/span><\/p><ul data-tight=\"true\"><li><p>Essas pol\u00edticas de cancelamento n\u00e3o se aplicam a reservas que incluam o dia 31 de dezembro. Voc\u00ea pode encontrar todos os detalhes <a href=\"https:\/\/kitelodgebrasil.com\/pt-br\/termos-ano-novo\/\">aqui<\/a>. <\/p><\/li><li><p>Se os pagamentos n\u00e3o forem feitos dentro de 48 horas, a reserva ser\u00e1 considerada n\u00e3o confirmada.<\/p><\/li><li><p>As pol\u00edticas de cancelamento explicitamente declaradas para uma reserva prevalecem sobre as pol\u00edticas aqui descritas.<\/p><\/li><li><p>Ao fazer uma reserva, voc\u00ea concorda com nossos <a href=\"https:\/\/kitelodgebrasil.com\/pt-br\/termos\/\">Termos e Condi\u00e7\u00f5es<\/a>.<\/p><\/li><\/ul>\t\t\t\t\t\t\t\t<\/div>\n\t\t\t\t<\/div>\n\t\t\t\t<\/div>\n\t\t\t\t\t<\/div>\n\t\t\t\t<\/div>\n\t\t\t\t<\/div>\n\t\t","protected":false},"excerpt":{"rendered":"<p>Voltar Op\u00e7\u00f5es de pagamento Pagamentos internacionais Voc\u00ea pode facilmente fazer pagamentos internacionais em euros para nossa conta europeia. Os dados banc\u00e1rios ser\u00e3o enviados a voc\u00ea junto com a confirma\u00e7\u00e3o da reserva. IBAN: BE80905591668277 Nome: AGBS BRASIL EMPREENDIMENTOS E SERVI\u00c7OS LTDA SWIFT\/BIC: TRWIBEB1XXX Banco: Wise, Rue du Tr\u00f4ne 100, 3\u00ba andar, Bruxelas, 1050, B\u00e9lgica WISE Se [&hellip;]<\/p>\n","protected":false},"author":2,"featured_media":0,"parent":0,"menu_order":0,"comment_status":"closed","ping_status":"closed","template":"elementor_theme","meta":{"_acf_changed":false,"footnotes":""},"class_list":["post-4481","page","type-page","status-publish","hentry"],"acf":[],"yoast_head":"<!-- This site is optimized with the Yoast SEO plugin v20.5 - https:\/\/yoast.com\/wordpress\/plugins\/seo\/ -->\n<title>informa\u00e7\u00f5es de pagamento &bull; Kite Lodge Brazil<\/title>\n<meta name=\"robots\" content=\"index, follow, max-snippet:-1, max-image-preview:large, max-video-preview:-1\" \/>\n<link rel=\"canonical\" href=\"https:\/\/kitelodgebrasil.com\/pt-br\/informacoes-de-pagamento\/\" \/>\n<meta property=\"og:locale\" content=\"pt_BR\" \/>\n<meta property=\"og:type\" content=\"article\" \/>\n<meta property=\"og:title\" content=\"informa\u00e7\u00f5es de pagamento &bull; Kite Lodge Brazil\" \/>\n<meta property=\"og:description\" content=\"Voltar Op\u00e7\u00f5es de pagamento Pagamentos internacionais Voc\u00ea pode facilmente fazer pagamentos internacionais em euros para nossa conta europeia. Os dados banc\u00e1rios ser\u00e3o enviados a voc\u00ea junto com a confirma\u00e7\u00e3o da reserva. IBAN: BE80905591668277 Nome: AGBS BRASIL EMPREENDIMENTOS E SERVI\u00c7OS LTDA SWIFT\/BIC: TRWIBEB1XXX Banco: Wise, Rue du Tr\u00f4ne 100, 3\u00ba andar, Bruxelas, 1050, B\u00e9lgica WISE Se [&hellip;]\" \/>\n<meta property=\"og:url\" content=\"https:\/\/kitelodgebrasil.com\/pt-br\/informacoes-de-pagamento\/\" \/>\n<meta property=\"og:site_name\" content=\"Kite Lodge Brazil\" \/>\n<meta property=\"article:modified_time\" content=\"2025-09-05T20:38:46+00:00\" \/>\n<meta name=\"twitter:card\" content=\"summary_large_image\" \/>\n<meta name=\"twitter:label1\" content=\"Est. tempo de leitura\" \/>\n\t<meta name=\"twitter:data1\" content=\"2 minutos\" \/>\n<script type=\"application\/ld+json\" class=\"yoast-schema-graph\">{\"@context\":\"https:\/\/schema.org\",\"@graph\":[{\"@type\":\"WebPage\",\"@id\":\"https:\/\/kitelodgebrasil.com\/pt-br\/informacoes-de-pagamento\/\",\"url\":\"https:\/\/kitelodgebrasil.com\/pt-br\/informacoes-de-pagamento\/\",\"name\":\"informa\u00e7\u00f5es de pagamento &bull; Kite Lodge Brazil\",\"isPartOf\":{\"@id\":\"https:\/\/kitelodgebrasil.com\/#website\"},\"datePublished\":\"2022-04-12T13:39:29+00:00\",\"dateModified\":\"2025-09-05T20:38:46+00:00\",\"breadcrumb\":{\"@id\":\"https:\/\/kitelodgebrasil.com\/pt-br\/informacoes-de-pagamento\/#breadcrumb\"},\"inLanguage\":\"pt-BR\",\"potentialAction\":[{\"@type\":\"ReadAction\",\"target\":[\"https:\/\/kitelodgebrasil.com\/pt-br\/informacoes-de-pagamento\/\"]}]},{\"@type\":\"BreadcrumbList\",\"@id\":\"https:\/\/kitelodgebrasil.com\/pt-br\/informacoes-de-pagamento\/#breadcrumb\",\"itemListElement\":[{\"@type\":\"ListItem\",\"position\":1,\"name\":\"Home\",\"item\":\"https:\/\/kitelodgebrasil.com\/\"},{\"@type\":\"ListItem\",\"position\":2,\"name\":\"informa\u00e7\u00f5es de pagamento\"}]},{\"@type\":\"WebSite\",\"@id\":\"https:\/\/kitelodgebrasil.com\/#website\",\"url\":\"https:\/\/kitelodgebrasil.com\/\",\"name\":\"Kite Lodge Brazil\",\"description\":\"Kite Lodge Brazil\",\"publisher\":{\"@id\":\"https:\/\/kitelodgebrasil.com\/#organization\"},\"potentialAction\":[{\"@type\":\"SearchAction\",\"target\":{\"@type\":\"EntryPoint\",\"urlTemplate\":\"https:\/\/kitelodgebrasil.com\/?s={search_term_string}\"},\"query-input\":\"required name=search_term_string\"}],\"inLanguage\":\"pt-BR\"},{\"@type\":\"Organization\",\"@id\":\"https:\/\/kitelodgebrasil.com\/#organization\",\"name\":\"Kite Lodge Brazil\",\"url\":\"https:\/\/kitelodgebrasil.com\/\",\"logo\":{\"@type\":\"ImageObject\",\"inLanguage\":\"pt-BR\",\"@id\":\"https:\/\/kitelodgebrasil.com\/#\/schema\/logo\/image\/\",\"url\":\"https:\/\/kitelodgebrasil.com\/wp-content\/uploads\/2019\/04\/cropped-Kitelodge-Logo-Color-RGB-500px@72ppi.jpg\",\"contentUrl\":\"https:\/\/kitelodgebrasil.com\/wp-content\/uploads\/2019\/04\/cropped-Kitelodge-Logo-Color-RGB-500px@72ppi.jpg\",\"width\":500,\"height\":209,\"caption\":\"Kite Lodge Brazil\"},\"image\":{\"@id\":\"https:\/\/kitelodgebrasil.com\/#\/schema\/logo\/image\/\"}}]}<\/script>\n<!-- \/ Yoast SEO plugin. -->","yoast_head_json":{"title":"informa\u00e7\u00f5es de pagamento &bull; Kite Lodge Brazil","robots":{"index":"index","follow":"follow","max-snippet":"max-snippet:-1","max-image-preview":"max-image-preview:large","max-video-preview":"max-video-preview:-1"},"canonical":"https:\/\/kitelodgebrasil.com\/pt-br\/informacoes-de-pagamento\/","og_locale":"pt_BR","og_type":"article","og_title":"informa\u00e7\u00f5es de pagamento &bull; Kite Lodge Brazil","og_description":"Voltar Op\u00e7\u00f5es de pagamento Pagamentos internacionais Voc\u00ea pode facilmente fazer pagamentos internacionais em euros para nossa conta europeia. Os dados banc\u00e1rios ser\u00e3o enviados a voc\u00ea junto com a confirma\u00e7\u00e3o da reserva. IBAN: BE80905591668277 Nome: AGBS BRASIL EMPREENDIMENTOS E SERVI\u00c7OS LTDA SWIFT\/BIC: TRWIBEB1XXX Banco: Wise, Rue du Tr\u00f4ne 100, 3\u00ba andar, Bruxelas, 1050, B\u00e9lgica WISE Se [&hellip;]","og_url":"https:\/\/kitelodgebrasil.com\/pt-br\/informacoes-de-pagamento\/","og_site_name":"Kite Lodge Brazil","article_modified_time":"2025-09-05T20:38:46+00:00","twitter_card":"summary_large_image","twitter_misc":{"Est. tempo de leitura":"2 minutos"},"schema":{"@context":"https:\/\/schema.org","@graph":[{"@type":"WebPage","@id":"https:\/\/kitelodgebrasil.com\/pt-br\/informacoes-de-pagamento\/","url":"https:\/\/kitelodgebrasil.com\/pt-br\/informacoes-de-pagamento\/","name":"informa\u00e7\u00f5es de pagamento &bull; Kite Lodge Brazil","isPartOf":{"@id":"https:\/\/kitelodgebrasil.com\/#website"},"datePublished":"2022-04-12T13:39:29+00:00","dateModified":"2025-09-05T20:38:46+00:00","breadcrumb":{"@id":"https:\/\/kitelodgebrasil.com\/pt-br\/informacoes-de-pagamento\/#breadcrumb"},"inLanguage":"pt-BR","potentialAction":[{"@type":"ReadAction","target":["https:\/\/kitelodgebrasil.com\/pt-br\/informacoes-de-pagamento\/"]}]},{"@type":"BreadcrumbList","@id":"https:\/\/kitelodgebrasil.com\/pt-br\/informacoes-de-pagamento\/#breadcrumb","itemListElement":[{"@type":"ListItem","position":1,"name":"Home","item":"https:\/\/kitelodgebrasil.com\/"},{"@type":"ListItem","position":2,"name":"informa\u00e7\u00f5es de pagamento"}]},{"@type":"WebSite","@id":"https:\/\/kitelodgebrasil.com\/#website","url":"https:\/\/kitelodgebrasil.com\/","name":"Kite Lodge Brazil","description":"Kite Lodge Brazil","publisher":{"@id":"https:\/\/kitelodgebrasil.com\/#organization"},"potentialAction":[{"@type":"SearchAction","target":{"@type":"EntryPoint","urlTemplate":"https:\/\/kitelodgebrasil.com\/?s={search_term_string}"},"query-input":"required name=search_term_string"}],"inLanguage":"pt-BR"},{"@type":"Organization","@id":"https:\/\/kitelodgebrasil.com\/#organization","name":"Kite Lodge Brazil","url":"https:\/\/kitelodgebrasil.com\/","logo":{"@type":"ImageObject","inLanguage":"pt-BR","@id":"https:\/\/kitelodgebrasil.com\/#\/schema\/logo\/image\/","url":"https:\/\/kitelodgebrasil.com\/wp-content\/uploads\/2019\/04\/cropped-Kitelodge-Logo-Color-RGB-500px@72ppi.jpg","contentUrl":"https:\/\/kitelodgebrasil.com\/wp-content\/uploads\/2019\/04\/cropped-Kitelodge-Logo-Color-RGB-500px@72ppi.jpg","width":500,"height":209,"caption":"Kite Lodge Brazil"},"image":{"@id":"https:\/\/kitelodgebrasil.com\/#\/schema\/logo\/image\/"}}]}},"_links":{"self":[{"href":"https:\/\/kitelodgebrasil.com\/pt-br\/wp-json\/wp\/v2\/pages\/4481","targetHints":{"allow":["GET"]}}],"collection":[{"href":"https:\/\/kitelodgebrasil.com\/pt-br\/wp-json\/wp\/v2\/pages"}],"about":[{"href":"https:\/\/kitelodgebrasil.com\/pt-br\/wp-json\/wp\/v2\/types\/page"}],"author":[{"embeddable":true,"href":"https:\/\/kitelodgebrasil.com\/pt-br\/wp-json\/wp\/v2\/users\/2"}],"replies":[{"embeddable":true,"href":"https:\/\/kitelodgebrasil.com\/pt-br\/wp-json\/wp\/v2\/comments?post=4481"}],"version-history":[{"count":40,"href":"https:\/\/kitelodgebrasil.com\/pt-br\/wp-json\/wp\/v2\/pages\/4481\/revisions"}],"predecessor-version":[{"id":10373,"href":"https:\/\/kitelodgebrasil.com\/pt-br\/wp-json\/wp\/v2\/pages\/4481\/revisions\/10373"}],"wp:attachment":[{"href":"https:\/\/kitelodgebrasil.com\/pt-br\/wp-json\/wp\/v2\/media?parent=4481"}],"curies":[{"name":"wp","href":"https:\/\/api.w.org\/{rel}","templated":true}]}}