{"id":9185,"date":"2024-09-04T15:06:03","date_gmt":"2024-09-04T15:06:03","guid":{"rendered":"https:\/\/kitelodgebrasil.com\/chegada-de-carro\/"},"modified":"2025-09-04T19:14:43","modified_gmt":"2025-09-04T19:14:43","slug":"chegada-de-carro","status":"publish","type":"page","link":"https:\/\/kitelodgebrasil.com\/pt-br\/chegada-de-carro\/","title":{"rendered":"Chegada de carro"},"content":{"rendered":"\t\t<div data-elementor-type=\"wp-page\" data-elementor-id=\"9185\" class=\"elementor elementor-9185 elementor-9179\" data-elementor-post-type=\"page\">\n\t\t\t\t<div class=\"elementor-element elementor-element-0b9b091 e-flex e-con-boxed e-con e-parent\" data-id=\"0b9b091\" data-element_type=\"container\">\n\t\t\t\t\t<div class=\"e-con-inner\">\n\t\t\t\t<div class=\"elementor-element elementor-element-8a9efe5 elementor-widget elementor-widget-heading\" data-id=\"8a9efe5\" data-element_type=\"widget\" data-widget_type=\"heading.default\">\n\t\t\t\t<div class=\"elementor-widget-container\">\n\t\t\t\t\t<h2 class=\"elementor-heading-title elementor-size-default\">Estacionamento e acesso ao Kite Lodge<\/h2>\t\t\t\t<\/div>\n\t\t\t\t<\/div>\n\t\t\t\t\t<\/div>\n\t\t\t\t<\/div>\n\t\t<div class=\"elementor-element elementor-element-8be18a5 e-flex e-con-boxed e-con e-parent\" data-id=\"8be18a5\" data-element_type=\"container\">\n\t\t\t\t\t<div class=\"e-con-inner\">\n\t\t\t\t<div class=\"elementor-element elementor-element-0871cf1 elementor-widget elementor-widget-text-editor\" data-id=\"0871cf1\" data-element_type=\"widget\" data-widget_type=\"text-editor.default\">\n\t\t\t\t<div class=\"elementor-widget-container\">\n\t\t\t\t\t\t\t\t\t<p><\/p><p>Oferecemos <strong>estacionamento no local<\/strong>, diretamente dentro do Kite Lodge.<br><strong>O acesso de carro \u00e9 feito pela praia<\/strong>, e a imagem fornecida mostra a rota correta para chegar at\u00e9 n\u00f3s.<\/p><ul><li><strong>Ve\u00edculos 4&#215;4:<\/strong><br>O acesso \u00e9 muito f\u00e1cil. Basta ativar o modo 4&#215;4 e dirigir direto.<\/li><li><strong>Ve\u00edculos 2&#215;4:<\/strong><br>Se voc\u00ea estiver chegando com um carro padr\u00e3o, observe que, durante os meses de vento, a praia pode ter <strong>areia mais macia<\/strong>. Para evitar que voc\u00ea fique preso, recomendamos <strong>reduzir a press\u00e3o dos<\/strong> quatro pneus para aproximadamente <strong>15 psi<\/strong> antes de dirigir na areia.<br><strong>Mas n\u00e3o se preocupe &#8211; muitos de nossos h\u00f3spedes v\u00eam com carros comuns e chegam at\u00e9 n\u00f3s sem problemas.<\/strong><\/li><\/ul><p>\ud83c\udd98 <strong>Precisa de ajuda?<\/strong><br>Se voc\u00ea ficar preso ou precisar de ajuda, basta <strong>nos enviar um WhatsApp<\/strong> e n\u00f3s o ajudaremos. Estamos sempre por perto e felizes em ajudar voc\u00ea.<\/p><p>\u26a0\ufe0f <strong>Observa\u00e7\u00e3o importante sobre navega\u00e7\u00e3o:<\/strong><br>Atualmente, o Google Maps mostra uma <strong>estrada de acesso incorreta<\/strong>. Consulte a imagem para obter instru\u00e7\u00f5es precisas.<\/p><p><\/p>\t\t\t\t\t\t\t\t<\/div>\n\t\t\t\t<\/div>\n\t\t\t\t\t<\/div>\n\t\t\t\t<\/div>\n\t\t<div class=\"elementor-element elementor-element-83a68bd e-flex e-con-boxed e-con e-parent\" data-id=\"83a68bd\" data-element_type=\"container\">\n\t\t\t\t\t<div class=\"e-con-inner\">\n\t\t\t\t<div class=\"elementor-element elementor-element-35b16ef elementor-widget elementor-widget-image\" data-id=\"35b16ef\" data-element_type=\"widget\" data-widget_type=\"image.default\">\n\t\t\t\t<div class=\"elementor-widget-container\">\n\t\t\t\t\t\t\t\t\t\t\t\t\t\t\t<img fetchpriority=\"high\" decoding=\"async\" width=\"800\" height=\"698\" src=\"https:\/\/kitelodgebrasil.com\/wp-content\/uploads\/2024\/09\/arrival-by-car.jpg\" class=\"attachment-large size-large wp-image-9180\" alt=\"\" srcset=\"https:\/\/kitelodgebrasil.com\/wp-content\/uploads\/2024\/09\/arrival-by-car.jpg 895w, https:\/\/kitelodgebrasil.com\/wp-content\/uploads\/2024\/09\/arrival-by-car-300x262.jpg 300w, https:\/\/kitelodgebrasil.com\/wp-content\/uploads\/2024\/09\/arrival-by-car-768x670.jpg 768w\" sizes=\"(max-width: 800px) 100vw, 800px\" \/>\t\t\t\t\t\t\t\t\t\t\t\t\t\t\t<\/div>\n\t\t\t\t<\/div>\n\t\t\t\t\t<\/div>\n\t\t\t\t<\/div>\n\t\t\t\t<\/div>\n\t\t","protected":false},"excerpt":{"rendered":"<p>Estacionamento e acesso ao Kite Lodge Oferecemos estacionamento no local, diretamente dentro do Kite Lodge.O acesso de carro \u00e9 feito pela praia, e a imagem fornecida mostra a rota correta para chegar at\u00e9 n\u00f3s. Ve\u00edculos 4&#215;4:O acesso \u00e9 muito f\u00e1cil. Basta ativar o modo 4&#215;4 e dirigir direto. Ve\u00edculos 2&#215;4:Se voc\u00ea estiver chegando com um [&hellip;]<\/p>\n","protected":false},"author":1,"featured_media":0,"parent":0,"menu_order":0,"comment_status":"closed","ping_status":"closed","template":"","meta":{"_acf_changed":false,"footnotes":""},"class_list":["post-9185","page","type-page","status-publish","hentry"],"acf":[],"yoast_head":"<!-- This site is optimized with the Yoast SEO plugin v20.5 - https:\/\/yoast.com\/wordpress\/plugins\/seo\/ -->\n<title>Chegada de carro &bull; Kite Lodge Brazil<\/title>\n<meta name=\"robots\" content=\"index, follow, max-snippet:-1, max-image-preview:large, max-video-preview:-1\" \/>\n<link rel=\"canonical\" href=\"https:\/\/kitelodgebrasil.com\/pt-br\/chegada-de-carro\/\" \/>\n<meta property=\"og:locale\" content=\"pt_BR\" \/>\n<meta property=\"og:type\" content=\"article\" \/>\n<meta property=\"og:title\" content=\"Chegada de carro &bull; Kite Lodge Brazil\" \/>\n<meta property=\"og:description\" content=\"Estacionamento e acesso ao Kite Lodge Oferecemos estacionamento no local, diretamente dentro do Kite Lodge.O acesso de carro \u00e9 feito pela praia, e a imagem fornecida mostra a rota correta para chegar at\u00e9 n\u00f3s. Ve\u00edculos 4&#215;4:O acesso \u00e9 muito f\u00e1cil. Basta ativar o modo 4&#215;4 e dirigir direto. Ve\u00edculos 2&#215;4:Se voc\u00ea estiver chegando com um [&hellip;]\" \/>\n<meta property=\"og:url\" content=\"https:\/\/kitelodgebrasil.com\/pt-br\/chegada-de-carro\/\" \/>\n<meta property=\"og:site_name\" content=\"Kite Lodge Brazil\" \/>\n<meta property=\"article:modified_time\" content=\"2025-09-04T19:14:43+00:00\" \/>\n<meta property=\"og:image\" content=\"https:\/\/kitelodgebrasil.com\/wp-content\/uploads\/2024\/09\/arrival-by-car.jpg\" \/>\n<meta name=\"twitter:card\" content=\"summary_large_image\" \/>\n<meta name=\"twitter:label1\" content=\"Est. tempo de leitura\" \/>\n\t<meta name=\"twitter:data1\" content=\"1 minuto\" \/>\n<script type=\"application\/ld+json\" class=\"yoast-schema-graph\">{\"@context\":\"https:\/\/schema.org\",\"@graph\":[{\"@type\":\"WebPage\",\"@id\":\"https:\/\/kitelodgebrasil.com\/pt-br\/chegada-de-carro\/\",\"url\":\"https:\/\/kitelodgebrasil.com\/pt-br\/chegada-de-carro\/\",\"name\":\"Chegada de carro &bull; Kite Lodge Brazil\",\"isPartOf\":{\"@id\":\"https:\/\/kitelodgebrasil.com\/#website\"},\"datePublished\":\"2024-09-04T15:06:03+00:00\",\"dateModified\":\"2025-09-04T19:14:43+00:00\",\"breadcrumb\":{\"@id\":\"https:\/\/kitelodgebrasil.com\/pt-br\/chegada-de-carro\/#breadcrumb\"},\"inLanguage\":\"pt-BR\",\"potentialAction\":[{\"@type\":\"ReadAction\",\"target\":[\"https:\/\/kitelodgebrasil.com\/pt-br\/chegada-de-carro\/\"]}]},{\"@type\":\"BreadcrumbList\",\"@id\":\"https:\/\/kitelodgebrasil.com\/pt-br\/chegada-de-carro\/#breadcrumb\",\"itemListElement\":[{\"@type\":\"ListItem\",\"position\":1,\"name\":\"Home\",\"item\":\"https:\/\/kitelodgebrasil.com\/\"},{\"@type\":\"ListItem\",\"position\":2,\"name\":\"Chegada de carro\"}]},{\"@type\":\"WebSite\",\"@id\":\"https:\/\/kitelodgebrasil.com\/#website\",\"url\":\"https:\/\/kitelodgebrasil.com\/\",\"name\":\"Kite Lodge Brazil\",\"description\":\"Kite Lodge Brazil\",\"publisher\":{\"@id\":\"https:\/\/kitelodgebrasil.com\/#organization\"},\"potentialAction\":[{\"@type\":\"SearchAction\",\"target\":{\"@type\":\"EntryPoint\",\"urlTemplate\":\"https:\/\/kitelodgebrasil.com\/?s={search_term_string}\"},\"query-input\":\"required name=search_term_string\"}],\"inLanguage\":\"pt-BR\"},{\"@type\":\"Organization\",\"@id\":\"https:\/\/kitelodgebrasil.com\/#organization\",\"name\":\"Kite Lodge Brazil\",\"url\":\"https:\/\/kitelodgebrasil.com\/\",\"logo\":{\"@type\":\"ImageObject\",\"inLanguage\":\"pt-BR\",\"@id\":\"https:\/\/kitelodgebrasil.com\/#\/schema\/logo\/image\/\",\"url\":\"https:\/\/kitelodgebrasil.com\/wp-content\/uploads\/2019\/04\/cropped-Kitelodge-Logo-Color-RGB-500px@72ppi.jpg\",\"contentUrl\":\"https:\/\/kitelodgebrasil.com\/wp-content\/uploads\/2019\/04\/cropped-Kitelodge-Logo-Color-RGB-500px@72ppi.jpg\",\"width\":500,\"height\":209,\"caption\":\"Kite Lodge Brazil\"},\"image\":{\"@id\":\"https:\/\/kitelodgebrasil.com\/#\/schema\/logo\/image\/\"}}]}<\/script>\n<!-- \/ Yoast SEO plugin. -->","yoast_head_json":{"title":"Chegada de carro &bull; Kite Lodge Brazil","robots":{"index":"index","follow":"follow","max-snippet":"max-snippet:-1","max-image-preview":"max-image-preview:large","max-video-preview":"max-video-preview:-1"},"canonical":"https:\/\/kitelodgebrasil.com\/pt-br\/chegada-de-carro\/","og_locale":"pt_BR","og_type":"article","og_title":"Chegada de carro &bull; Kite Lodge Brazil","og_description":"Estacionamento e acesso ao Kite Lodge Oferecemos estacionamento no local, diretamente dentro do Kite Lodge.O acesso de carro \u00e9 feito pela praia, e a imagem fornecida mostra a rota correta para chegar at\u00e9 n\u00f3s. Ve\u00edculos 4&#215;4:O acesso \u00e9 muito f\u00e1cil. Basta ativar o modo 4&#215;4 e dirigir direto. Ve\u00edculos 2&#215;4:Se voc\u00ea estiver chegando com um [&hellip;]","og_url":"https:\/\/kitelodgebrasil.com\/pt-br\/chegada-de-carro\/","og_site_name":"Kite Lodge Brazil","article_modified_time":"2025-09-04T19:14:43+00:00","og_image":[{"url":"https:\/\/kitelodgebrasil.com\/wp-content\/uploads\/2024\/09\/arrival-by-car.jpg"}],"twitter_card":"summary_large_image","twitter_misc":{"Est. tempo de leitura":"1 minuto"},"schema":{"@context":"https:\/\/schema.org","@graph":[{"@type":"WebPage","@id":"https:\/\/kitelodgebrasil.com\/pt-br\/chegada-de-carro\/","url":"https:\/\/kitelodgebrasil.com\/pt-br\/chegada-de-carro\/","name":"Chegada de carro &bull; Kite Lodge Brazil","isPartOf":{"@id":"https:\/\/kitelodgebrasil.com\/#website"},"datePublished":"2024-09-04T15:06:03+00:00","dateModified":"2025-09-04T19:14:43+00:00","breadcrumb":{"@id":"https:\/\/kitelodgebrasil.com\/pt-br\/chegada-de-carro\/#breadcrumb"},"inLanguage":"pt-BR","potentialAction":[{"@type":"ReadAction","target":["https:\/\/kitelodgebrasil.com\/pt-br\/chegada-de-carro\/"]}]},{"@type":"BreadcrumbList","@id":"https:\/\/kitelodgebrasil.com\/pt-br\/chegada-de-carro\/#breadcrumb","itemListElement":[{"@type":"ListItem","position":1,"name":"Home","item":"https:\/\/kitelodgebrasil.com\/"},{"@type":"ListItem","position":2,"name":"Chegada de carro"}]},{"@type":"WebSite","@id":"https:\/\/kitelodgebrasil.com\/#website","url":"https:\/\/kitelodgebrasil.com\/","name":"Kite Lodge Brazil","description":"Kite Lodge Brazil","publisher":{"@id":"https:\/\/kitelodgebrasil.com\/#organization"},"potentialAction":[{"@type":"SearchAction","target":{"@type":"EntryPoint","urlTemplate":"https:\/\/kitelodgebrasil.com\/?s={search_term_string}"},"query-input":"required name=search_term_string"}],"inLanguage":"pt-BR"},{"@type":"Organization","@id":"https:\/\/kitelodgebrasil.com\/#organization","name":"Kite Lodge Brazil","url":"https:\/\/kitelodgebrasil.com\/","logo":{"@type":"ImageObject","inLanguage":"pt-BR","@id":"https:\/\/kitelodgebrasil.com\/#\/schema\/logo\/image\/","url":"https:\/\/kitelodgebrasil.com\/wp-content\/uploads\/2019\/04\/cropped-Kitelodge-Logo-Color-RGB-500px@72ppi.jpg","contentUrl":"https:\/\/kitelodgebrasil.com\/wp-content\/uploads\/2019\/04\/cropped-Kitelodge-Logo-Color-RGB-500px@72ppi.jpg","width":500,"height":209,"caption":"Kite Lodge Brazil"},"image":{"@id":"https:\/\/kitelodgebrasil.com\/#\/schema\/logo\/image\/"}}]}},"_links":{"self":[{"href":"https:\/\/kitelodgebrasil.com\/pt-br\/wp-json\/wp\/v2\/pages\/9185","targetHints":{"allow":["GET"]}}],"collection":[{"href":"https:\/\/kitelodgebrasil.com\/pt-br\/wp-json\/wp\/v2\/pages"}],"about":[{"href":"https:\/\/kitelodgebrasil.com\/pt-br\/wp-json\/wp\/v2\/types\/page"}],"author":[{"embeddable":true,"href":"https:\/\/kitelodgebrasil.com\/pt-br\/wp-json\/wp\/v2\/users\/1"}],"replies":[{"embeddable":true,"href":"https:\/\/kitelodgebrasil.com\/pt-br\/wp-json\/wp\/v2\/comments?post=9185"}],"version-history":[{"count":7,"href":"https:\/\/kitelodgebrasil.com\/pt-br\/wp-json\/wp\/v2\/pages\/9185\/revisions"}],"predecessor-version":[{"id":10350,"href":"https:\/\/kitelodgebrasil.com\/pt-br\/wp-json\/wp\/v2\/pages\/9185\/revisions\/10350"}],"wp:attachment":[{"href":"https:\/\/kitelodgebrasil.com\/pt-br\/wp-json\/wp\/v2\/media?parent=9185"}],"curies":[{"name":"wp","href":"https:\/\/api.w.org\/{rel}","templated":true}]}}