{"id":9327,"date":"2024-09-19T19:24:48","date_gmt":"2024-09-19T19:24:48","guid":{"rendered":"https:\/\/kitelodgebrasil.com\/precos-da-escola-de-kite\/"},"modified":"2024-10-13T11:50:25","modified_gmt":"2024-10-13T11:50:25","slug":"precos-da-escola-de-kite","status":"publish","type":"page","link":"https:\/\/kitelodgebrasil.com\/pt-br\/precos-da-escola-de-kite\/","title":{"rendered":"Pre\u00e7os da escola de kite"},"content":{"rendered":"\t\t<div data-elementor-type=\"wp-page\" data-elementor-id=\"9327\" class=\"elementor elementor-9327 elementor-9195\" data-elementor-post-type=\"page\">\n\t\t\t\t<div class=\"elementor-element elementor-element-d8164e5 e-flex e-con-boxed e-con e-parent\" data-id=\"d8164e5\" data-element_type=\"container\" data-settings=\"{&quot;background_background&quot;:&quot;classic&quot;}\">\n\t\t\t\t\t<div class=\"e-con-inner\">\n\t\t\t\t<div class=\"elementor-element elementor-element-b414f36 elementor-widget elementor-widget-heading\" data-id=\"b414f36\" data-element_type=\"widget\" data-widget_type=\"heading.default\">\n\t\t\t\t<div class=\"elementor-widget-container\">\n\t\t\t\t\t<h1 class=\"elementor-heading-title elementor-size-default\">PRE\u00c7OS<\/h1>\t\t\t\t<\/div>\n\t\t\t\t<\/div>\n\t\t\t\t<div class=\"elementor-element elementor-element-91924fd elementor-widget elementor-widget-heading\" data-id=\"91924fd\" data-element_type=\"widget\" data-widget_type=\"heading.default\">\n\t\t\t\t<div class=\"elementor-widget-container\">\n\t\t\t\t\t<h2 class=\"elementor-heading-title elementor-size-default\">para aulas de kite<\/h2>\t\t\t\t<\/div>\n\t\t\t\t<\/div>\n\t\t\t\t\t<\/div>\n\t\t\t\t<\/div>\n\t\t<div class=\"elementor-element elementor-element-13393de e-flex e-con-boxed e-con e-parent\" data-id=\"13393de\" data-element_type=\"container\">\n\t\t\t\t\t<div class=\"e-con-inner\">\n\t\t\t\t<div class=\"elementor-element elementor-element-aff5c55 elementor-widget elementor-widget-heading\" data-id=\"aff5c55\" data-element_type=\"widget\" data-widget_type=\"heading.default\">\n\t\t\t\t<div class=\"elementor-widget-container\">\n\t\t\t\t\t<h2 class=\"elementor-heading-title elementor-size-default\">Escolha uma de nossas duas op\u00e7\u00f5es de curso de kite<\/h2>\t\t\t\t<\/div>\n\t\t\t\t<\/div>\n\t\t\t\t<div class=\"elementor-element elementor-element-4a01584 elementor-widget__width-initial divider elementor-widget elementor-widget-heading\" data-id=\"4a01584\" data-element_type=\"widget\" data-widget_type=\"heading.default\">\n\t\t\t\t<div class=\"elementor-widget-container\">\n\t\t\t\t\t<div class=\"elementor-heading-title elementor-size-default\"> <\/div>\t\t\t\t<\/div>\n\t\t\t\t<\/div>\n\t\t\t\t<div class=\"elementor-element elementor-element-cd8b8bd elementor-widget elementor-widget-heading\" data-id=\"cd8b8bd\" data-element_type=\"widget\" data-widget_type=\"heading.default\">\n\t\t\t\t<div class=\"elementor-widget-container\">\n\t\t\t\t\t<p class=\"elementor-heading-title elementor-size-default\">Oferecemos duas op\u00e7\u00f5es diferentes de cursos de kite: Semi-privado e Privado, com a op\u00e7\u00e3o de voc\u00ea escolher entre 2, 3 ou 4 horas por dia.<\/p>\t\t\t\t<\/div>\n\t\t\t\t<\/div>\n\t\t\t\t<div class=\"elementor-element elementor-element-75e4f5a elementor-widget elementor-widget-heading\" data-id=\"75e4f5a\" data-element_type=\"widget\" data-widget_type=\"heading.default\">\n\t\t\t\t<div class=\"elementor-widget-container\">\n\t\t\t\t\t<p class=\"elementor-heading-title elementor-size-default\">Agora voc\u00ea pode economizar 5% em suas aulas de kite com nosso desconto de pr\u00e9-reserva!<\/p>\t\t\t\t<\/div>\n\t\t\t\t<\/div>\n\t\t\t\t\t<\/div>\n\t\t\t\t<\/div>\n\t\t<div class=\"elementor-element elementor-element-32504f7 e-flex e-con-boxed e-con e-parent\" data-id=\"32504f7\" data-element_type=\"container\" data-settings=\"{&quot;background_background&quot;:&quot;classic&quot;}\">\n\t\t\t\t\t<div class=\"e-con-inner\">\n\t\t<div class=\"elementor-element elementor-element-e022076 e-con-full e-flex e-con e-parent\" data-id=\"e022076\" data-element_type=\"container\">\n\t\t\t\t<div class=\"elementor-element elementor-element-fd2f8fd elementor-widget elementor-widget-image\" data-id=\"fd2f8fd\" data-element_type=\"widget\" data-widget_type=\"image.default\">\n\t\t\t\t<div class=\"elementor-widget-container\">\n\t\t\t\t\t\t\t\t\t\t\t\t\t\t\t<img decoding=\"async\" width=\"100\" height=\"100\" src=\"https:\/\/kitelodgebrasil.com\/wp-content\/uploads\/2024\/09\/kitelodge-classes-semi-private-kitesurf.png\" class=\"attachment-full size-full wp-image-9280\" alt=\"\" \/>\t\t\t\t\t\t\t\t\t\t\t\t\t\t\t<\/div>\n\t\t\t\t<\/div>\n\t\t\t\t<div class=\"elementor-element elementor-element-847fb07 elementor-widget elementor-widget-heading\" data-id=\"847fb07\" data-element_type=\"widget\" data-widget_type=\"heading.default\">\n\t\t\t\t<div class=\"elementor-widget-container\">\n\t\t\t\t\t<h2 class=\"elementor-heading-title elementor-size-default\">Curso semiprivado<\/h2>\t\t\t\t<\/div>\n\t\t\t\t<\/div>\n\t\t\t\t<div class=\"elementor-element elementor-element-0818a5a elementor-widget__width-initial divider elementor-widget elementor-widget-heading\" data-id=\"0818a5a\" data-element_type=\"widget\" data-widget_type=\"heading.default\">\n\t\t\t\t<div class=\"elementor-widget-container\">\n\t\t\t\t\t<div class=\"elementor-heading-title elementor-size-default\"> <\/div>\t\t\t\t<\/div>\n\t\t\t\t<\/div>\n\t\t<div class=\"elementor-element elementor-element-a959604 e-flex e-con-boxed e-con e-parent\" data-id=\"a959604\" data-element_type=\"container\" data-settings=\"{&quot;background_background&quot;:&quot;classic&quot;}\">\n\t\t\t\t\t<div class=\"e-con-inner\">\n\t\t\t\t<div class=\"elementor-element elementor-element-684dd5d elementor-widget elementor-widget-image\" data-id=\"684dd5d\" data-element_type=\"widget\" data-widget_type=\"image.default\">\n\t\t\t\t<div class=\"elementor-widget-container\">\n\t\t\t\t\t\t\t\t\t\t\t\t\t\t\t<img decoding=\"async\" src=\"https:\/\/kitelodgebrasil.com\/wp-content\/uploads\/elementor\/thumbs\/2-students-qu9avh2ml77rxyoycyxf5r3eqcjyhyn9cswl0b1fko.png\" title=\"2-students\" alt=\"2-students\" loading=\"lazy\" \/>\t\t\t\t\t\t\t\t\t\t\t\t\t\t\t<\/div>\n\t\t\t\t<\/div>\n\t\t\t\t<div class=\"elementor-element elementor-element-b5418c8 elementor-widget elementor-widget-heading\" data-id=\"b5418c8\" data-element_type=\"widget\" data-widget_type=\"heading.default\">\n\t\t\t\t<div class=\"elementor-widget-container\">\n\t\t\t\t\t<p class=\"elementor-heading-title elementor-size-default\">M\u00e1ximo de 2 alunos por instrutor<\/p>\t\t\t\t<\/div>\n\t\t\t\t<\/div>\n\t\t\t\t<div class=\"elementor-element elementor-element-63f3bc1 elementor-widget elementor-widget-image\" data-id=\"63f3bc1\" data-element_type=\"widget\" data-widget_type=\"image.default\">\n\t\t\t\t<div class=\"elementor-widget-container\">\n\t\t\t\t\t\t\t\t\t\t\t\t\t\t\t<img decoding=\"async\" src=\"https:\/\/kitelodgebrasil.com\/wp-content\/uploads\/elementor\/thumbs\/1kite-qu9b4ovnlptzsbazjgcq3xd4fd4iz48iaf6zezdgk8.png\" title=\"Kite\" alt=\"Kite\" loading=\"lazy\" \/>\t\t\t\t\t\t\t\t\t\t\t\t\t\t\t<\/div>\n\t\t\t\t<\/div>\n\t\t\t\t<div class=\"elementor-element elementor-element-72c8245 elementor-widget elementor-widget-heading\" data-id=\"72c8245\" data-element_type=\"widget\" data-widget_type=\"heading.default\">\n\t\t\t\t<div class=\"elementor-widget-container\">\n\t\t\t\t\t<p class=\"elementor-heading-title elementor-size-default\">1 kite para 2 alunos - <\/p>\t\t\t\t<\/div>\n\t\t\t\t<\/div>\n\t\t\t\t<div class=\"elementor-element elementor-element-4b3f366 elementor-widget elementor-widget-heading\" data-id=\"4b3f366\" data-element_type=\"widget\" data-widget_type=\"heading.default\">\n\t\t\t\t<div class=\"elementor-widget-container\">\n\t\t\t\t\t<p class=\"elementor-heading-title elementor-size-default\">Capacete de r\u00e1dio**<\/p>\t\t\t\t<\/div>\n\t\t\t\t<\/div>\n\t\t\t\t\t<\/div>\n\t\t\t\t<\/div>\n\t\t\t\t<div class=\"elementor-element elementor-element-ccf5e3d elementor-widget elementor-widget-shortcode\" data-id=\"ccf5e3d\" data-element_type=\"widget\" data-widget_type=\"shortcode.default\">\n\t\t\t\t<div class=\"elementor-widget-container\">\n\t\t\t\t\t\t\t<div class=\"elementor-shortcode\">\n<table id=\"tablepress-3\" class=\"tablepress tablepress-id-3\">\n<thead>\n<tr class=\"row-1\">\n\t<th class=\"column-1\"><\/th><th colspan=\"2\" class=\"column-2\">1 day<\/th><th colspan=\"2\" class=\"column-4\">2 days<\/th><th colspan=\"2\" class=\"column-6\">3 days<\/th><th colspan=\"2\" class=\"column-8\">4 days<\/th><th colspan=\"2\" class=\"column-10\">5 days<\/th><th colspan=\"2\" class=\"column-12\">More days<\/th>\n<\/tr>\n<\/thead>\n<tbody class=\"row-striping row-hover\">\n<tr class=\"row-2\">\n\t<td class=\"column-1\"><\/td><td class=\"column-2\">2h<\/td><td class=\"column-3\">3h<\/td><td class=\"column-4\">4h<\/td><td class=\"column-5\">6h<\/td><td class=\"column-6\">6h<\/td><td class=\"column-7\">9h<\/td><td class=\"column-8\">8h<\/td><td class=\"column-9\">12h<\/td><td class=\"column-10\">10h<\/td><td class=\"column-11\">15h<\/td><td class=\"column-12\">2h<\/td><td class=\"column-13\">3h<\/td>\n<\/tr>\n<tr class=\"row-3\">\n\t<td class=\"column-1\">Prices<\/td><td class=\"column-2\">450R$<\/td><td class=\"column-3\">675R$<\/td><td class=\"column-4\">880R$<\/td><td class=\"column-5\">1320R$<\/td><td class=\"column-6\">1320R$<\/td><td class=\"column-7\">1890R$<\/td><td class=\"column-8\">1680R$<\/td><td class=\"column-9\">2340R$<\/td><td class=\"column-10\">1950R$<\/td><td class=\"column-11\">2850R$<\/td><td class=\"column-12\">+540R$<\/td><td class=\"column-13\">+720R$<\/td>\n<\/tr>\n<tr class=\"row-4\">\n\t<td class=\"column-1\">Pre-booking* -5%<\/td><td class=\"column-2\">427R$<\/td><td class=\"column-3\">641R$<\/td><td class=\"column-4\">836R$<\/td><td class=\"column-5\">1254R$<\/td><td class=\"column-6\">1254R$<\/td><td class=\"column-7\">1795R$<\/td><td class=\"column-8\">1596R$<\/td><td class=\"column-9\">2223R$<\/td><td class=\"column-10\">1852R$<\/td><td class=\"column-11\">1707R$<\/td><td class=\"column-12\">+513R$<\/td><td class=\"column-13\">+684R$<\/td>\n<\/tr>\n<\/tbody>\n<\/table>\n<!-- #tablepress-3 from cache --><\/div>\n\t\t\t\t\t\t<\/div>\n\t\t\t\t<\/div>\n\t\t\t\t<\/div>\n\t\t<div class=\"elementor-element elementor-element-5607bee e-flex e-con-boxed e-con e-parent\" data-id=\"5607bee\" data-element_type=\"container\" data-settings=\"{&quot;background_background&quot;:&quot;classic&quot;}\">\n\t\t\t\t\t<div class=\"e-con-inner\">\n\t\t\t\t<div class=\"elementor-element elementor-element-2326498 elementor-widget elementor-widget-image\" data-id=\"2326498\" data-element_type=\"widget\" data-widget_type=\"image.default\">\n\t\t\t\t<div class=\"elementor-widget-container\">\n\t\t\t\t\t\t\t\t\t\t\t\t\t\t\t<img decoding=\"async\" width=\"100\" height=\"100\" src=\"https:\/\/kitelodgebrasil.com\/wp-content\/uploads\/2024\/09\/kitelodge-classes-private-kitesurf.png\" class=\"attachment-full size-full wp-image-9217\" alt=\"\" \/>\t\t\t\t\t\t\t\t\t\t\t\t\t\t\t<\/div>\n\t\t\t\t<\/div>\n\t\t\t\t<div class=\"elementor-element elementor-element-5fcefc5 elementor-widget elementor-widget-heading\" data-id=\"5fcefc5\" data-element_type=\"widget\" data-widget_type=\"heading.default\">\n\t\t\t\t<div class=\"elementor-widget-container\">\n\t\t\t\t\t<h2 class=\"elementor-heading-title elementor-size-default\">Curso particular<\/h2>\t\t\t\t<\/div>\n\t\t\t\t<\/div>\n\t\t\t\t<div class=\"elementor-element elementor-element-a38c33b elementor-widget__width-initial divider elementor-widget elementor-widget-heading\" data-id=\"a38c33b\" data-element_type=\"widget\" data-widget_type=\"heading.default\">\n\t\t\t\t<div class=\"elementor-widget-container\">\n\t\t\t\t\t<div class=\"elementor-heading-title elementor-size-default\"> <\/div>\t\t\t\t<\/div>\n\t\t\t\t<\/div>\n\t\t<div class=\"elementor-element elementor-element-b17cc69 e-flex e-con-boxed e-con e-parent\" data-id=\"b17cc69\" data-element_type=\"container\">\n\t\t\t\t\t<div class=\"e-con-inner\">\n\t\t\t\t<div class=\"elementor-element elementor-element-e84cb7f elementor-widget elementor-widget-image\" data-id=\"e84cb7f\" data-element_type=\"widget\" data-widget_type=\"image.default\">\n\t\t\t\t<div class=\"elementor-widget-container\">\n\t\t\t\t\t\t\t\t\t\t\t\t\t\t\t<img decoding=\"async\" src=\"https:\/\/kitelodgebrasil.com\/wp-content\/uploads\/elementor\/thumbs\/1-student-quc0dv3y50oazrnm5csu2x1okaaf0cnfbmb8ru5dzs.png\" title=\"1-student\" alt=\"1-student\" loading=\"lazy\" \/>\t\t\t\t\t\t\t\t\t\t\t\t\t\t\t<\/div>\n\t\t\t\t<\/div>\n\t\t\t\t<div class=\"elementor-element elementor-element-1953448 elementor-widget elementor-widget-heading\" data-id=\"1953448\" data-element_type=\"widget\" data-widget_type=\"heading.default\">\n\t\t\t\t<div class=\"elementor-widget-container\">\n\t\t\t\t\t<p class=\"elementor-heading-title elementor-size-default\">M\u00e1ximo de 1 aluno por instrutor<\/p>\t\t\t\t<\/div>\n\t\t\t\t<\/div>\n\t\t\t\t<div class=\"elementor-element elementor-element-a6fc8ea elementor-widget elementor-widget-image\" data-id=\"a6fc8ea\" data-element_type=\"widget\" data-widget_type=\"image.default\">\n\t\t\t\t<div class=\"elementor-widget-container\">\n\t\t\t\t\t\t\t\t\t\t\t\t\t\t\t<img decoding=\"async\" src=\"https:\/\/kitelodgebrasil.com\/wp-content\/uploads\/elementor\/thumbs\/1kite-qu9b4ovnlptzsbazjgcq3xd4fd4iz48iaf6zezdgk8.png\" title=\"Kite\" alt=\"Kite\" loading=\"lazy\" \/>\t\t\t\t\t\t\t\t\t\t\t\t\t\t\t<\/div>\n\t\t\t\t<\/div>\n\t\t\t\t<div class=\"elementor-element elementor-element-9c5c6c4 elementor-widget elementor-widget-heading\" data-id=\"9c5c6c4\" data-element_type=\"widget\" data-widget_type=\"heading.default\">\n\t\t\t\t<div class=\"elementor-widget-container\">\n\t\t\t\t\t<p class=\"elementor-heading-title elementor-size-default\">1 kite s\u00f3 para voc\u00ea - <\/p>\t\t\t\t<\/div>\n\t\t\t\t<\/div>\n\t\t\t\t<div class=\"elementor-element elementor-element-bae2690 elementor-widget elementor-widget-heading\" data-id=\"bae2690\" data-element_type=\"widget\" data-widget_type=\"heading.default\">\n\t\t\t\t<div class=\"elementor-widget-container\">\n\t\t\t\t\t<p class=\"elementor-heading-title elementor-size-default\">Capacete de r\u00e1dio**<\/p>\t\t\t\t<\/div>\n\t\t\t\t<\/div>\n\t\t\t\t\t<\/div>\n\t\t\t\t<\/div>\n\t\t\t\t<div class=\"elementor-element elementor-element-f35a39a elementor-widget elementor-widget-shortcode\" data-id=\"f35a39a\" data-element_type=\"widget\" data-widget_type=\"shortcode.default\">\n\t\t\t\t<div class=\"elementor-widget-container\">\n\t\t\t\t\t\t\t<div class=\"elementor-shortcode\">\n<table id=\"tablepress-2\" class=\"tablepress tablepress-id-2\">\n<thead>\n<tr class=\"row-1\">\n\t<th class=\"column-1\"><\/th><th colspan=\"2\" class=\"column-2\">1 day<\/th><th colspan=\"2\" class=\"column-4\">2 days<\/th><th colspan=\"2\" class=\"column-6\">3 days<\/th><th colspan=\"2\" class=\"column-8\">4 days<\/th><th colspan=\"2\" class=\"column-10\">5 days<\/th><th colspan=\"2\" class=\"column-12\">More days<\/th>\n<\/tr>\n<\/thead>\n<tbody class=\"row-striping row-hover\">\n<tr class=\"row-2\">\n\t<td class=\"column-1\"><\/td><td class=\"column-2\">3h<\/td><td class=\"column-3\">4h<\/td><td class=\"column-4\">6h<\/td><td class=\"column-5\">8h<\/td><td class=\"column-6\">9h<\/td><td class=\"column-7\">12h<\/td><td class=\"column-8\">12h<\/td><td class=\"column-9\">16h<\/td><td class=\"column-10\">15h<\/td><td class=\"column-11\">20h<\/td><td class=\"column-12\">3h<\/td><td class=\"column-13\">4h<\/td>\n<\/tr>\n<tr class=\"row-3\">\n\t<td class=\"column-1\">Prices<\/td><td class=\"column-2\">1020R$<\/td><td class=\"column-3\">1360R$<\/td><td class=\"column-4\">1980R$<\/td><td class=\"column-5\">2560R$<\/td><td class=\"column-6\">2880R$<\/td><td class=\"column-7\">3720R$<\/td><td class=\"column-8\">3720R$<\/td><td class=\"column-9\">4800R$<\/td><td class=\"column-10\">4500R$<\/td><td class=\"column-11\">6000R$<\/td><td class=\"column-12\">+900R$<\/td><td class=\"column-13\">+1200R$<\/td>\n<\/tr>\n<tr class=\"row-4\">\n\t<td class=\"column-1\">Pre-booking* -5%<\/td><td class=\"column-2\">969R$<\/td><td class=\"column-3\">1292R$<\/td><td class=\"column-4\">1881R$<\/td><td class=\"column-5\">2432R$<\/td><td class=\"column-6\">2736R$<\/td><td class=\"column-7\">3534R$<\/td><td class=\"column-8\">3534R$<\/td><td class=\"column-9\">4560R$<\/td><td class=\"column-10\">4275R$<\/td><td class=\"column-11\">5700R$<\/td><td class=\"column-12\">+855R$<\/td><td class=\"column-13\">+1140R$<\/td>\n<\/tr>\n<\/tbody>\n<\/table>\n<!-- #tablepress-2 from cache --><\/div>\n\t\t\t\t\t\t<\/div>\n\t\t\t\t<\/div>\n\t\t\t\t\t<\/div>\n\t\t\t\t<\/div>\n\t\t\t\t\t<\/div>\n\t\t\t\t<\/div>\n\t\t<div class=\"elementor-element elementor-element-89a64c3 e-flex e-con-boxed e-con e-parent\" data-id=\"89a64c3\" data-element_type=\"container\">\n\t\t\t\t\t<div class=\"e-con-inner\">\n\t\t\t\t<div class=\"elementor-element elementor-element-b68d799 elementor-widget__width-initial divider elementor-widget elementor-widget-heading\" data-id=\"b68d799\" data-element_type=\"widget\" data-widget_type=\"heading.default\">\n\t\t\t\t<div class=\"elementor-widget-container\">\n\t\t\t\t\t<div class=\"elementor-heading-title elementor-size-default\"> <\/div>\t\t\t\t<\/div>\n\t\t\t\t<\/div>\n\t\t\t\t<div class=\"elementor-element elementor-element-df9e14d elementor-widget elementor-widget-heading\" data-id=\"df9e14d\" data-element_type=\"widget\" data-widget_type=\"heading.default\">\n\t\t\t\t<div class=\"elementor-widget-container\">\n\t\t\t\t\t<p class=\"elementor-heading-title elementor-size-default\">* 5% de desconto para reservas antecipadas<\/p>\t\t\t\t<\/div>\n\t\t\t\t<\/div>\n\t\t\t\t<div class=\"elementor-element elementor-element-1b54940 elementor-widget elementor-widget-text-editor\" data-id=\"1b54940\" data-element_type=\"widget\" data-widget_type=\"text-editor.default\">\n\t\t\t\t<div class=\"elementor-widget-container\">\n\t\t\t\t\t\t\t\t\t<p>** Gra\u00e7as ao <strong>sistema de r\u00e1dio capacete<\/strong> testado e aprovado, o aluno recebe instru\u00e7\u00f5es precisas do instrutor em todos os momentos na \u00e1gua.<br \/>\nComo resultado, voc\u00ea obt\u00e9m <strong>sucesso r\u00e1pido<\/strong> nas aulas <strong>com a maior seguran\u00e7a poss\u00edvel<\/strong>. <\/p>\n\t\t\t\t\t\t\t\t<\/div>\n\t\t\t\t<\/div>\n\t\t\t\t\t<\/div>\n\t\t\t\t<\/div>\n\t\t\t\t<\/div>\n\t\t","protected":false},"excerpt":{"rendered":"<p>PRE\u00c7OS para aulas de kite Escolha uma de nossas duas op\u00e7\u00f5es de curso de kite Oferecemos duas op\u00e7\u00f5es diferentes de cursos de kite: Semi-privado e Privado, com a op\u00e7\u00e3o de voc\u00ea escolher entre 2, 3 ou 4 horas por dia. Agora voc\u00ea pode economizar 5% em suas aulas de kite com nosso desconto de pr\u00e9-reserva! [&hellip;]<\/p>\n","protected":false},"author":1,"featured_media":0,"parent":0,"menu_order":0,"comment_status":"closed","ping_status":"closed","template":"","meta":{"_acf_changed":false,"footnotes":""},"class_list":["post-9327","page","type-page","status-publish","hentry"],"acf":[],"yoast_head":"<!-- This site is optimized with the Yoast SEO plugin v20.5 - https:\/\/yoast.com\/wordpress\/plugins\/seo\/ -->\n<title>Pre\u00e7os da escola de kite &bull; Kite Lodge Brazil<\/title>\n<meta name=\"robots\" content=\"index, follow, max-snippet:-1, max-image-preview:large, max-video-preview:-1\" \/>\n<link rel=\"canonical\" href=\"https:\/\/kitelodgebrasil.com\/pt-br\/precos-da-escola-de-kite\/\" \/>\n<meta property=\"og:locale\" content=\"pt_BR\" \/>\n<meta property=\"og:type\" content=\"article\" \/>\n<meta property=\"og:title\" content=\"Pre\u00e7os da escola de kite &bull; Kite Lodge Brazil\" \/>\n<meta property=\"og:description\" content=\"PRE\u00c7OS para aulas de kite Escolha uma de nossas duas op\u00e7\u00f5es de curso de kite Oferecemos duas op\u00e7\u00f5es diferentes de cursos de kite: Semi-privado e Privado, com a op\u00e7\u00e3o de voc\u00ea escolher entre 2, 3 ou 4 horas por dia. Agora voc\u00ea pode economizar 5% em suas aulas de kite com nosso desconto de pr\u00e9-reserva! [&hellip;]\" \/>\n<meta property=\"og:url\" content=\"https:\/\/kitelodgebrasil.com\/pt-br\/precos-da-escola-de-kite\/\" \/>\n<meta property=\"og:site_name\" content=\"Kite Lodge Brazil\" \/>\n<meta property=\"article:modified_time\" content=\"2024-10-13T11:50:25+00:00\" \/>\n<meta property=\"og:image\" content=\"https:\/\/kitelodgebrasil.com\/wp-content\/uploads\/2024\/09\/kitelodge-classes-semi-private-kitesurf.png\" \/>\n<meta name=\"twitter:card\" content=\"summary_large_image\" \/>\n<meta name=\"twitter:label1\" content=\"Est. tempo de leitura\" \/>\n\t<meta name=\"twitter:data1\" content=\"3 minutos\" \/>\n<script type=\"application\/ld+json\" class=\"yoast-schema-graph\">{\"@context\":\"https:\/\/schema.org\",\"@graph\":[{\"@type\":\"WebPage\",\"@id\":\"https:\/\/kitelodgebrasil.com\/pt-br\/precos-da-escola-de-kite\/\",\"url\":\"https:\/\/kitelodgebrasil.com\/pt-br\/precos-da-escola-de-kite\/\",\"name\":\"Pre\u00e7os da escola de kite &bull; Kite Lodge Brazil\",\"isPartOf\":{\"@id\":\"https:\/\/kitelodgebrasil.com\/#website\"},\"datePublished\":\"2024-09-19T19:24:48+00:00\",\"dateModified\":\"2024-10-13T11:50:25+00:00\",\"breadcrumb\":{\"@id\":\"https:\/\/kitelodgebrasil.com\/pt-br\/precos-da-escola-de-kite\/#breadcrumb\"},\"inLanguage\":\"pt-BR\",\"potentialAction\":[{\"@type\":\"ReadAction\",\"target\":[\"https:\/\/kitelodgebrasil.com\/pt-br\/precos-da-escola-de-kite\/\"]}]},{\"@type\":\"BreadcrumbList\",\"@id\":\"https:\/\/kitelodgebrasil.com\/pt-br\/precos-da-escola-de-kite\/#breadcrumb\",\"itemListElement\":[{\"@type\":\"ListItem\",\"position\":1,\"name\":\"Home\",\"item\":\"https:\/\/kitelodgebrasil.com\/\"},{\"@type\":\"ListItem\",\"position\":2,\"name\":\"Pre\u00e7os da escola de kite\"}]},{\"@type\":\"WebSite\",\"@id\":\"https:\/\/kitelodgebrasil.com\/#website\",\"url\":\"https:\/\/kitelodgebrasil.com\/\",\"name\":\"Kite Lodge Brazil\",\"description\":\"Kite Lodge Brazil\",\"publisher\":{\"@id\":\"https:\/\/kitelodgebrasil.com\/#organization\"},\"potentialAction\":[{\"@type\":\"SearchAction\",\"target\":{\"@type\":\"EntryPoint\",\"urlTemplate\":\"https:\/\/kitelodgebrasil.com\/?s={search_term_string}\"},\"query-input\":\"required name=search_term_string\"}],\"inLanguage\":\"pt-BR\"},{\"@type\":\"Organization\",\"@id\":\"https:\/\/kitelodgebrasil.com\/#organization\",\"name\":\"Kite Lodge Brazil\",\"url\":\"https:\/\/kitelodgebrasil.com\/\",\"logo\":{\"@type\":\"ImageObject\",\"inLanguage\":\"pt-BR\",\"@id\":\"https:\/\/kitelodgebrasil.com\/#\/schema\/logo\/image\/\",\"url\":\"https:\/\/kitelodgebrasil.com\/wp-content\/uploads\/2019\/04\/cropped-Kitelodge-Logo-Color-RGB-500px@72ppi.jpg\",\"contentUrl\":\"https:\/\/kitelodgebrasil.com\/wp-content\/uploads\/2019\/04\/cropped-Kitelodge-Logo-Color-RGB-500px@72ppi.jpg\",\"width\":500,\"height\":209,\"caption\":\"Kite Lodge Brazil\"},\"image\":{\"@id\":\"https:\/\/kitelodgebrasil.com\/#\/schema\/logo\/image\/\"}}]}<\/script>\n<!-- \/ Yoast SEO plugin. -->","yoast_head_json":{"title":"Pre\u00e7os da escola de kite &bull; Kite Lodge Brazil","robots":{"index":"index","follow":"follow","max-snippet":"max-snippet:-1","max-image-preview":"max-image-preview:large","max-video-preview":"max-video-preview:-1"},"canonical":"https:\/\/kitelodgebrasil.com\/pt-br\/precos-da-escola-de-kite\/","og_locale":"pt_BR","og_type":"article","og_title":"Pre\u00e7os da escola de kite &bull; Kite Lodge Brazil","og_description":"PRE\u00c7OS para aulas de kite Escolha uma de nossas duas op\u00e7\u00f5es de curso de kite Oferecemos duas op\u00e7\u00f5es diferentes de cursos de kite: Semi-privado e Privado, com a op\u00e7\u00e3o de voc\u00ea escolher entre 2, 3 ou 4 horas por dia. Agora voc\u00ea pode economizar 5% em suas aulas de kite com nosso desconto de pr\u00e9-reserva! [&hellip;]","og_url":"https:\/\/kitelodgebrasil.com\/pt-br\/precos-da-escola-de-kite\/","og_site_name":"Kite Lodge Brazil","article_modified_time":"2024-10-13T11:50:25+00:00","og_image":[{"url":"https:\/\/kitelodgebrasil.com\/wp-content\/uploads\/2024\/09\/kitelodge-classes-semi-private-kitesurf.png"}],"twitter_card":"summary_large_image","twitter_misc":{"Est. tempo de leitura":"3 minutos"},"schema":{"@context":"https:\/\/schema.org","@graph":[{"@type":"WebPage","@id":"https:\/\/kitelodgebrasil.com\/pt-br\/precos-da-escola-de-kite\/","url":"https:\/\/kitelodgebrasil.com\/pt-br\/precos-da-escola-de-kite\/","name":"Pre\u00e7os da escola de kite &bull; Kite Lodge Brazil","isPartOf":{"@id":"https:\/\/kitelodgebrasil.com\/#website"},"datePublished":"2024-09-19T19:24:48+00:00","dateModified":"2024-10-13T11:50:25+00:00","breadcrumb":{"@id":"https:\/\/kitelodgebrasil.com\/pt-br\/precos-da-escola-de-kite\/#breadcrumb"},"inLanguage":"pt-BR","potentialAction":[{"@type":"ReadAction","target":["https:\/\/kitelodgebrasil.com\/pt-br\/precos-da-escola-de-kite\/"]}]},{"@type":"BreadcrumbList","@id":"https:\/\/kitelodgebrasil.com\/pt-br\/precos-da-escola-de-kite\/#breadcrumb","itemListElement":[{"@type":"ListItem","position":1,"name":"Home","item":"https:\/\/kitelodgebrasil.com\/"},{"@type":"ListItem","position":2,"name":"Pre\u00e7os da escola de kite"}]},{"@type":"WebSite","@id":"https:\/\/kitelodgebrasil.com\/#website","url":"https:\/\/kitelodgebrasil.com\/","name":"Kite Lodge Brazil","description":"Kite Lodge Brazil","publisher":{"@id":"https:\/\/kitelodgebrasil.com\/#organization"},"potentialAction":[{"@type":"SearchAction","target":{"@type":"EntryPoint","urlTemplate":"https:\/\/kitelodgebrasil.com\/?s={search_term_string}"},"query-input":"required name=search_term_string"}],"inLanguage":"pt-BR"},{"@type":"Organization","@id":"https:\/\/kitelodgebrasil.com\/#organization","name":"Kite Lodge Brazil","url":"https:\/\/kitelodgebrasil.com\/","logo":{"@type":"ImageObject","inLanguage":"pt-BR","@id":"https:\/\/kitelodgebrasil.com\/#\/schema\/logo\/image\/","url":"https:\/\/kitelodgebrasil.com\/wp-content\/uploads\/2019\/04\/cropped-Kitelodge-Logo-Color-RGB-500px@72ppi.jpg","contentUrl":"https:\/\/kitelodgebrasil.com\/wp-content\/uploads\/2019\/04\/cropped-Kitelodge-Logo-Color-RGB-500px@72ppi.jpg","width":500,"height":209,"caption":"Kite Lodge Brazil"},"image":{"@id":"https:\/\/kitelodgebrasil.com\/#\/schema\/logo\/image\/"}}]}},"_links":{"self":[{"href":"https:\/\/kitelodgebrasil.com\/pt-br\/wp-json\/wp\/v2\/pages\/9327","targetHints":{"allow":["GET"]}}],"collection":[{"href":"https:\/\/kitelodgebrasil.com\/pt-br\/wp-json\/wp\/v2\/pages"}],"about":[{"href":"https:\/\/kitelodgebrasil.com\/pt-br\/wp-json\/wp\/v2\/types\/page"}],"author":[{"embeddable":true,"href":"https:\/\/kitelodgebrasil.com\/pt-br\/wp-json\/wp\/v2\/users\/1"}],"replies":[{"embeddable":true,"href":"https:\/\/kitelodgebrasil.com\/pt-br\/wp-json\/wp\/v2\/comments?post=9327"}],"version-history":[{"count":11,"href":"https:\/\/kitelodgebrasil.com\/pt-br\/wp-json\/wp\/v2\/pages\/9327\/revisions"}],"predecessor-version":[{"id":9369,"href":"https:\/\/kitelodgebrasil.com\/pt-br\/wp-json\/wp\/v2\/pages\/9327\/revisions\/9369"}],"wp:attachment":[{"href":"https:\/\/kitelodgebrasil.com\/pt-br\/wp-json\/wp\/v2\/media?parent=9327"}],"curies":[{"name":"wp","href":"https:\/\/api.w.org\/{rel}","templated":true}]}}